{"id":789,"date":"2025-12-14T12:26:38","date_gmt":"2025-12-14T10:26:38","guid":{"rendered":"https:\/\/szso.net\/?page_id=789"},"modified":"2025-12-20T23:23:18","modified_gmt":"2025-12-20T21:23:18","slug":"jamboree","status":"publish","type":"page","link":"https:\/\/szso.net\/it\/jamboree\/","title":{"rendered":"6. Jamboree SZSO"},"content":{"rendered":"<section class=\"section\" id=\"section_1320422036\">\n\t\t<div class=\"section-bg fill\" >\n\t\t\t<img loading=\"lazy\" decoding=\"async\" width=\"2560\" height=\"1920\" src=\"https:\/\/szso.net\/wp-content\/uploads\/2024\/08\/1.jpg\" class=\"bg attachment- size-\" alt=\"\" \/>\t\t\t\t\t\t<div class=\"section-bg-overlay absolute fill\"><\/div>\n\t\t\t\n\n\t\t<\/div>\n\n\t\t\n\n\t\t<div class=\"section-content relative\">\n\t\t\t\n\n<div class=\"row row-large align-middle\"  id=\"row-1462801341\">\n\n\n\t<div id=\"col-1020013190\" class=\"col medium-7 small-12 large-7\"  >\n\t\t\t\t<div class=\"col-inner text-left\"  >\n\t\t\t\n\t\t\t\n\n<div class=\"is-divider divider clearfix\" ><\/div>\n\n\t<div id=\"text-4115115170\" class=\"text\">\n\t\t\n\n<h1>6. Jamboree SZSO<\/h1>\n\t\t\n<style>\n#text-4115115170 {\n  font-size: 1.6rem;\n  color: rgb(255, 255, 255);\n}\n#text-4115115170 > * {\n  color: rgb(255, 255, 255);\n}\n<\/style>\n\t<\/div>\n\t\n\n\t\t<\/div>\n\t\t\t\t\t<\/div>\n\n\t\n\n\t<div id=\"col-1308621706\" class=\"col medium-5 small-12 large-5\"  >\n\t\t\t\t<div class=\"col-inner\"  >\n\t\t\t\n\t\t\t\n\n\t<div class=\"img has-hover x md-x lg-x y md-y lg-y\" id=\"image_2020986136\">\n\t\t\t\t\t\t\t\t<div class=\"img-inner box-shadow-2 dark\" >\n\t\t\t\t\t\t\t\t\t\n\t\t\t\t\t<\/div>\n\t\t\t\t\t\t\t\t\n<style>\n#image_2020986136 {\n  width: 100%;\n}\n<\/style>\n\t<\/div>\n\t\n\n\n\t\t<\/div>\n\t\t\t\t\t<\/div>\n\n\t\n\n<\/div>\n\n\t\t<\/div>\n\n\t\t\n<style>\n#section_1320422036 {\n  padding-top: 60px;\n  padding-bottom: 60px;\n  background-color: rgb(255, 255, 255);\n}\n#section_1320422036 .section-bg-overlay {\n  background-color: rgba(0,0,0,.5);\n}\n<\/style>\n\t<\/section>\n\t\n\n\t<section class=\"section\" id=\"section_495264249\">\n\t\t<div class=\"section-bg fill\" >\n\t\t\t\t\t\t\t\t\t<div class=\"section-bg-overlay absolute fill\"><\/div>\n\t\t\t\n\n\t\t<\/div>\n\n\t\t\n\n\t\t<div class=\"section-content relative\">\n\t\t\t\n\n<div class=\"row\"  id=\"row-1156454348\">\n\n\n\t<div id=\"col-1541460432\" class=\"col small-12 large-12\"  >\n\t\t\t\t<div class=\"col-inner\"  >\n\t\t\t\n\t\t\t\n\n<p>Leta 2026 Slovenska zamejska skavtska organizacija praznuje <strong>50 let zdru\u017eitve v eno organizacijo<\/strong>. Ob tej pomembni obletnici bomo praznovali skupaj \u2013 s <strong>6. slovenskim zamejskim jamboreejem<\/strong>, ki bo zdru\u017eil skavte vseh generacij. Dogajanje bo spremljal prilo\u017enostni skavtski band.<\/p>\n<p>Jamboree obele\u017euje zgodovino in povezanost \u0161tirih skavtskih organizacij slovenskih gori\u0161kih in tr\u017ea\u0161kih skavtov in skavtinj, ki so za\u010dele delovati od <strong>leta 1951<\/strong> in se kasneje povezale v dana\u0161njo SZSO.<\/p>\n<a href=\"#prijava\" class=\"button primary\" style=\"border-radius:99px;\">\n\t\t<span>prijavi se<\/span>\n\t<\/a>\n\n\n<div class=\"video video-fit mb\" style=\"padding-top:56.25%;\"><iframe loading=\"lazy\" title=\"6. Slovenski Zamejski Jamboree\" width=\"1020\" height=\"574\" src=\"https:\/\/www.youtube.com\/embed\/zkVuEunz-TE?feature=oembed\" frameborder=\"0\" allow=\"accelerometer; autoplay; clipboard-write; encrypted-media; gyroscope; picture-in-picture; web-share\" referrerpolicy=\"strict-origin-when-cross-origin\" allowfullscreen><\/iframe><\/div>\n\n<h2>\u00a0<\/h2>\n<h2><strong>Kdaj in kje?<\/strong><\/h2>\n<p><strong>Tabori za \u010dlane<\/strong> bodo potekali med <strong>26. julijem in 14. avgustom 2026<\/strong> v <strong>Vipavski dolini<\/strong>:<\/p>\n<ul>\n<li>Izvidniki in vodnice: <strong>28. julij\u20139. avgust<\/strong> (26.\u201327. julij predhodnica) v Dolenjah<\/li>\n<li>Vol\u010di\u010di in volkuljice: <span style=\"font-weight: 400;\"><strong>2.\u20139. avgust<\/strong> v lovski ko\u010di v Goja\u010dah<\/span><\/li>\n<li>Roverji in popotnice: <strong>7.\u201314. avgust<\/strong><\/li>\n<\/ul>\n<p>\u00a0<\/p>\n<p>Vrhunec jamboreeja bo <strong>skupni tridnevni dogodek<\/strong>, ki bo potekal v <strong style=\"color: #333333;\">Dolenjah pri Ajdov\u0161\u010dini <\/strong>od <strong style=\"color: #333333;\">petka, 7. avgusta, <\/strong>do <strong style=\"color: #333333;\">nedelje, 9. avgusta 2026<\/strong>.<\/p>\n\n\t\t<\/div>\n\t\t\t\t\t<\/div>\n\n\t\n\n<\/div>\n\n\t\t<\/div>\n\n\t\t\n<style>\n#section_495264249 {\n  padding-top: 60px;\n  padding-bottom: 60px;\n  background-color: rgb(255, 255, 255);\n}\n#section_495264249 .section-bg-overlay {\n  background-color: rgba(255, 255, 255, 0.85);\n}\n<\/style>\n\t<\/section>\n\t\n\n\t<section class=\"section\" id=\"section_718097661\">\n\t\t<div class=\"section-bg fill\" >\n\t\t\t\t\t\t\t\t\t<div class=\"section-bg-overlay absolute fill\"><\/div>\n\t\t\t\n\n\t\t<\/div>\n\n\t\t\n\n\t\t<div class=\"section-content relative\">\n\t\t\t\n\n<div class=\"row\"  id=\"row-604908996\">\n\n\n\t<div id=\"col-405557360\" class=\"col small-12 large-12\"  >\n\t\t\t\t<div class=\"col-inner\"  >\n\t\t\t\n\t\t\t\n\n<h2><strong>Program skupnega dogodka<\/strong><\/h2>\n<p><strong>Petek, 7. avgust<\/strong><br \/>Otvoritev jamboreeja in ve\u010derno <strong>bdenje<\/strong>.<\/p>\n<p><strong>Sobota, 8. avgust<\/strong><br \/>Dan v znamenju <strong>skavtskih delavnic<\/strong>, dru\u017eenja in <strong>skupnega tabornega ognja<\/strong>.<\/p>\n<p><strong>Nedelja, 9. avgust<\/strong><br \/>Dopoldanski <strong>osrednji dogodek<\/strong> s <strong>sveto ma\u0161o<\/strong>. Jamboree se bo zaklju\u010dil s <strong>slovesnim spustom zastave<\/strong> v zgodnjih popoldanskih urah.<\/p>\n<p>\u00a0<\/p>\n<h2><strong>Za obiskovalce<\/strong><\/h2>\n<p>Na jamboree toplo vabimo tudi <strong>star\u0161e, odrasle skavte, dru\u017eine in prijatelje<\/strong>.<\/p>\n<p>Obiskovalci bodo imeli mo\u017enost:<\/p>\n<ul>\n<li>podo\u017eiveti skavtsko vzdu\u0161je,<\/li>\n<li>prespati v \u0161otorih na za to namenjenem travniku,<\/li>\n<li>koristiti organizirane glavne obroke,<\/li>\n<li>sodelovati pri skupnem programu.<\/li>\n<\/ul>\n\n\t\t<\/div>\n\t\t\t\t\t<\/div>\n\n\t\n\n<\/div>\n\n\t\t<\/div>\n\n\t\t\n<style>\n#section_718097661 {\n  padding-top: 60px;\n  padding-bottom: 60px;\n  background-color: rgb(255, 255, 255);\n}\n#section_718097661 .section-bg-overlay {\n  background-color: rgba(255, 255, 255, 0.85);\n}\n<\/style>\n\t<\/section>\n\t\n<span class=\"scroll-to\" data-label=\"Scroll to: #prijava\" data-bullet=\"false\" data-link=\"#prijava\" data-title=\"Prijava\"><a name=\"prijava\"><\/a><\/span>\n\n\n\t<section class=\"section\" id=\"section_344494490\">\n\t\t<div class=\"section-bg fill\" >\n\t\t\t\t\t\t\t\t\t<div class=\"section-bg-overlay absolute fill\"><\/div>\n\t\t\t\n\n\t\t<\/div>\n\n\t\t\n\n\t\t<div class=\"section-content relative\">\n\t\t\t\n\n<div class=\"row\"  id=\"row-938456701\">\n\n\n\t<div id=\"col-114060268\" class=\"col small-12 large-12\"  >\n\t\t\t\t<div class=\"col-inner\"  >\n\t\t\t\n\t\t\t\n\n\t<div id=\"text-476187233\" class=\"text\">\n\t\t\n\n<h2><strong>Prijave in sodelovanje<\/strong><\/h2>\n\t\t\n<style>\n#text-476187233 {\n  color: #ffd31d;\n}\n#text-476187233 > * {\n  color: #ffd31d;\n}\n<\/style>\n\t<\/div>\n\t\n\t<div id=\"text-2027644583\" class=\"text\">\n\t\t\n\n<p><strong>Oddajte svoj kontakt<\/strong>, \u010de se zanimate za udele\u017ebo kot obiskovalec ali pomo\u010dnik:\u00a0<\/p>\n\t\t\n<style>\n#text-2027644583 {\n  color: rgb(255, 255, 255);\n}\n#text-2027644583 > * {\n  color: rgb(255, 255, 255);\n}\n<\/style>\n\t<\/div>\n\t\n<a href=\"https:\/\/docs.google.com\/forms\/d\/1nFJA2tDfqdnDewld4udc_VOkbIeFtdA3CpFGPAWSQSA\/edit?ts=693d230c%20Pomo\u010dniki:%20https:\/\/docs.google.com\/forms\/d\/1_EYwS2rfi5T5w5Na7TPf1hLWKoWbUbHLFShEWLgJzpA\/edit?ts=693d2314\" target=\"_blank\" class=\"button white\" rel=\"noopener\" style=\"border-radius:99px;\">\n\t\t<span>Prijava obiskovalci<\/span>\n\t<\/a>\n\n\n<a href=\"https:\/\/docs.google.com\/forms\/d\/1_EYwS2rfi5T5w5Na7TPf1hLWKoWbUbHLFShEWLgJzpA\/edit?ts=693d2314\" target=\"_blank\" class=\"button white\" rel=\"noopener\" style=\"border-radius:99px;\">\n\t\t<span>Prijava pomo\u010dniki<\/span>\n\t<\/a>\n\n\n\t<div id=\"text-98305641\" class=\"text\">\n\t\t\n\n<p>\u00a0<\/p>\n<p>\u010ce boste oddali svoj kontakt, boste pravo\u010dasno obve\u0161\u010deni o <strong>prijavah<\/strong>.<\/p>\n<p><strong>\u203c\ufe0f Aktivni \u010dlani se bodo na jamboree prijavljali pri svojih voditeljev.<\/strong><\/p>\n<p>Vabimo tudi <strong>pomo\u010dnike<\/strong>, ki bodo s svojo pomo\u010djo pomembno prispevali k uspe\u0161ni izvedbi skupnih dogodkov in posameznih taborov.<\/p>\n\t\t\n<style>\n#text-98305641 {\n  color: rgb(255,255,255);\n}\n#text-98305641 > * {\n  color: rgb(255,255,255);\n}\n<\/style>\n\t<\/div>\n\t\n\n\t\t<\/div>\n\t\t\t\t\t<\/div>\n\n\t\n\n<\/div>\n\n\t\t<\/div>\n\n\t\t\n<style>\n#section_344494490 {\n  padding-top: 60px;\n  padding-bottom: 60px;\n  background-color: rgb(35, 50, 99);\n}\n#section_344494490 .section-bg-overlay {\n  background-color: #233263;\n}\n<\/style>\n\t<\/section>\n\t\n\n\t<section class=\"section\" id=\"section_1204795988\">\n\t\t<div class=\"section-bg fill\" >\n\t\t\t\t\t\t\t\t\t<div class=\"section-bg-overlay absolute fill\"><\/div>\n\t\t\t\n\n\t\t<\/div>\n\n\t\t\n\n\t\t<div class=\"section-content relative\">\n\t\t\t\n\n<div class=\"row\"  id=\"row-1384618095\">\n\n\n\t<div id=\"col-46670751\" class=\"col small-12 large-12\"  >\n\t\t\t\t<div class=\"col-inner\"  >\n\t\t\t\n\t\t\t\n\n<h2><strong>Kontakt<\/strong><\/h2>\n<p>\ud83d\udce7 <a href=\"mailto:jamboree@szso.net\">jamboree@szso.net<\/a><br \/>\ud83d\udcde +39 328 219 6127 (Ne\u017ea, Trst)<br \/>\ud83d\udcde +39 331 462 1103 (Andrej, Gorica).<\/p>\n\n\t\t<\/div>\n\t\t\t\t\t<\/div>\n\n\t\n\n<\/div>\n\n\t\t<\/div>\n\n\t\t\n<style>\n#section_1204795988 {\n  padding-top: 60px;\n  padding-bottom: 60px;\n  background-color: rgb(255, 255, 255);\n}\n#section_1204795988 .section-bg-overlay {\n  background-color: rgba(255, 255, 255, 0.85);\n}\n<\/style>\n\t<\/section>","protected":false},"excerpt":{"rendered":"","protected":false},"author":1,"featured_media":0,"parent":0,"menu_order":0,"comment_status":"closed","ping_status":"closed","template":"page-blank.php","meta":{"footnotes":""},"class_list":["post-789","page","type-page","status-publish","hentry"],"_links":{"self":[{"href":"https:\/\/szso.net\/it\/wp-json\/wp\/v2\/pages\/789","targetHints":{"allow":["GET"]}}],"collection":[{"href":"https:\/\/szso.net\/it\/wp-json\/wp\/v2\/pages"}],"about":[{"href":"https:\/\/szso.net\/it\/wp-json\/wp\/v2\/types\/page"}],"author":[{"embeddable":true,"href":"https:\/\/szso.net\/it\/wp-json\/wp\/v2\/users\/1"}],"replies":[{"embeddable":true,"href":"https:\/\/szso.net\/it\/wp-json\/wp\/v2\/comments?post=789"}],"version-history":[{"count":26,"href":"https:\/\/szso.net\/it\/wp-json\/wp\/v2\/pages\/789\/revisions"}],"predecessor-version":[{"id":816,"href":"https:\/\/szso.net\/it\/wp-json\/wp\/v2\/pages\/789\/revisions\/816"}],"wp:attachment":[{"href":"https:\/\/szso.net\/it\/wp-json\/wp\/v2\/media?parent=789"}],"curies":[{"name":"wp","href":"https:\/\/api.w.org\/{rel}","templated":true}]}}