{"id":488,"date":"2024-09-22T11:55:05","date_gmt":"2024-09-22T09:55:05","guid":{"rendered":"https:\/\/szso.net\/?page_id=488"},"modified":"2024-11-27T22:08:52","modified_gmt":"2024-11-27T20:08:52","slug":"postani-skavt","status":"publish","type":"page","link":"https:\/\/szso.net\/it\/postani-skavt\/","title":{"rendered":"Postani skavt"},"content":{"rendered":"<section class=\"section\" id=\"section_26414562\">\n\t\t<div class=\"section-bg fill\" >\n\t\t\t<img loading=\"lazy\" decoding=\"async\" width=\"2560\" height=\"1920\" src=\"https:\/\/szso.net\/wp-content\/uploads\/2024\/08\/1.jpg\" class=\"bg attachment- size-\" alt=\"\" \/>\t\t\t\t\t\t<div class=\"section-bg-overlay absolute fill\"><\/div>\n\t\t\t\n\n\t\t<\/div>\n\n\t\t\n\n\t\t<div class=\"section-content relative\">\n\t\t\t\n\n<div class=\"row row-large align-middle\"  id=\"row-198473776\">\n\n\n\t<div id=\"col-561006355\" class=\"col medium-6 small-12 large-6\"  >\n\t\t\t\t<div class=\"col-inner text-left\"  >\n\t\t\t\n\t\t\t\n\n<div class=\"is-divider divider clearfix\" ><\/div>\n\n\t<div id=\"text-2685557729\" class=\"text\">\n\t\t\n\n<h1>Postani skavt\/skavtinja<\/h1>\n\t\t\n<style>\n#text-2685557729 {\n  font-size: 1.6rem;\n  color: rgb(255, 255, 255);\n}\n#text-2685557729 > * {\n  color: rgb(255, 255, 255);\n}\n<\/style>\n\t<\/div>\n\t\n\n\t\t<\/div>\n\t\t\t\t\t<\/div>\n\n\t\n\n\t<div id=\"col-900734661\" class=\"col medium-6 small-12 large-6\"  >\n\t\t\t\t<div class=\"col-inner\"  >\n\t\t\t\n\t\t\t\n\n\t<div class=\"img has-hover x md-x lg-x y md-y lg-y\" id=\"image_1780327373\">\n\t\t\t\t\t\t\t\t<div class=\"img-inner box-shadow-2 dark\" >\n\t\t\t\t\t\t\t\t\t\n\t\t\t\t\t<\/div>\n\t\t\t\t\t\t\t\t\n<style>\n#image_1780327373 {\n  width: 100%;\n}\n<\/style>\n\t<\/div>\n\t\n\n\n\t\t<\/div>\n\t\t\t\t\t<\/div>\n\n\t\n\n<\/div>\n\n\t\t<\/div>\n\n\t\t\n<style>\n#section_26414562 {\n  padding-top: 60px;\n  padding-bottom: 60px;\n  background-color: rgb(255, 255, 255);\n}\n#section_26414562 .section-bg-overlay {\n  background-color: rgba(0,0,0,.5);\n}\n<\/style>\n\t<\/section>\n\t\n\n\t<section class=\"section\" id=\"section_365421889\">\n\t\t<div class=\"section-bg fill\" >\n\t\t\t\t\t\t\t\t\t<div class=\"section-bg-overlay absolute fill\"><\/div>\n\t\t\t\n\n\t\t<\/div>\n\n\t\t\n\n\t\t<div class=\"section-content relative\">\n\t\t\t\n\n<div class=\"row\"  id=\"row-1750999320\">\n\n\n\t<div id=\"col-2019433631\" class=\"col small-12 large-12\"  >\n\t\t\t\t<div class=\"col-inner\"  >\n\t\t\t\n\t\t\t\n\n<p>Skavti smo skupnost, raziskujemo naravo, sklepamo nova prijateljstva in skupaj odkrivamo vrednote, ki nam pomagajo postati samostojni, odgovorni in aktivni dr\u017eavljani.<\/p>\n<p>Pri nas bo\u0161 pridobil\/-a dragocene izku\u0161nje, spretnosti in spomine za vse \u017eivljenje. Pridru\u017ei se nam in postani del gibanja, ki \u017ee ve\u010d kot stoletje navdihuje mlade po vsem svetu.<\/p>\n<a href=\"https:\/\/szso.net\/it\/kontakti\/\" class=\"button primary\" style=\"border-radius:99px;\">\n\t\t<span>Kontakti<\/span>\n\t<i class=\"icon-angle-right\" aria-hidden=\"true\"><\/i><\/a>\n\n\n<a href=\"https:\/\/szso.net\/wp-content\/uploads\/2024\/11\/vpis-novi-clani-SZSO.pdf\" target=\"_blank\" class=\"button secondary\" rel=\"noopener\" style=\"border-radius:99px;\">\n\t\t<span>Vpisna pola<\/span>\n\t<i class=\"icon-angle-down\" aria-hidden=\"true\"><\/i><\/a>\n\n\n\n\t\t<\/div>\n\t\t\t\t\t<\/div>\n\n\t\n\n<\/div>\n\n\t\t<\/div>\n\n\t\t\n<style>\n#section_365421889 {\n  padding-top: 60px;\n  padding-bottom: 60px;\n  background-color: rgb(255, 255, 255);\n}\n#section_365421889 .section-bg-overlay {\n  background-color: rgba(255, 255, 255, 0.85);\n}\n<\/style>\n\t<\/section>\n\t\n\n\t<section class=\"section\" id=\"section_691394809\">\n\t\t<div class=\"section-bg fill\" >\n\t\t\t\t\t\t\t\t\t<div class=\"section-bg-overlay absolute fill\"><\/div>\n\t\t\t\n\n\t\t<\/div>\n\n\t\t\n\n\t\t<div class=\"section-content relative\">\n\t\t\t\n\n<div class=\"row row-large align-middle\"  id=\"row-1750662737\">\n\n\n\t<div id=\"col-1503291623\" class=\"col medium-4 small-12 large-4\"  >\n\t\t\t\t<div class=\"col-inner text-left\"  >\n\t\t\t\n\t\t\t\n\n\t<div class=\"img has-hover x md-x lg-x y md-y lg-y\" id=\"image_1633832092\">\n\t\t\t\t\t\t\t\t<div class=\"img-inner dark\" >\n\t\t\t<img loading=\"lazy\" decoding=\"async\" width=\"1020\" height=\"765\" src=\"https:\/\/szso.net\/wp-content\/uploads\/2024\/11\/Postani-skavt-VV-kvadratna.jpg\" class=\"attachment-large size-large\" alt=\"\" srcset=\"https:\/\/szso.net\/wp-content\/uploads\/2024\/11\/Postani-skavt-VV-kvadratna.jpg 1067w, https:\/\/szso.net\/wp-content\/uploads\/2024\/11\/Postani-skavt-VV-kvadratna-534x400.jpg 534w, https:\/\/szso.net\/wp-content\/uploads\/2024\/11\/Postani-skavt-VV-kvadratna-768x576.jpg 768w, https:\/\/szso.net\/wp-content\/uploads\/2024\/11\/Postani-skavt-VV-kvadratna-16x12.jpg 16w\" sizes=\"auto, (max-width: 1020px) 100vw, 1020px\" \/>\t\t\t\t\t\t\n\t\t\t\t\t<\/div>\n\t\t\t\t\t\t\t\t\n<style>\n#image_1633832092 {\n  width: 100%;\n}\n<\/style>\n\t<\/div>\n\t\n\n<h3>Vol\u010di\u010di in voljkuljice (8\u201311 let)<\/h3>\n<p>Vol\u010di\u010di in volkuljice \u017eivijo v krdelu in skupaj spoznavajo d\u017eunglo. Skozi igro in izzive se u\u010dijo osnovnih skavtskih spretnosti, raziskujejo naravo in do\u017eivljajo <b>veselje<\/b>. Skupaj odkrivajo vrednote prijateljstva, medsebojnega spo\u0161tovanja in pomo\u010di.<\/p>\n\n\t\t<\/div>\n\t\t\t\t\t<\/div>\n\n\t\n\n\t<div id=\"col-504952575\" class=\"col medium-4 small-12 large-4\"  >\n\t\t\t\t<div class=\"col-inner text-left\"  >\n\t\t\t\n\t\t\t\n\n\t<div class=\"img has-hover x md-x lg-x y md-y lg-y\" id=\"image_1380970920\">\n\t\t\t\t\t\t\t\t<div class=\"img-inner dark\" >\n\t\t\t<img loading=\"lazy\" decoding=\"async\" width=\"957\" height=\"718\" src=\"https:\/\/szso.net\/wp-content\/uploads\/2024\/11\/Postani-skavt-IV.jpg\" class=\"attachment-large size-large\" alt=\"\" srcset=\"https:\/\/szso.net\/wp-content\/uploads\/2024\/11\/Postani-skavt-IV.jpg 957w, https:\/\/szso.net\/wp-content\/uploads\/2024\/11\/Postani-skavt-IV-533x400.jpg 533w, https:\/\/szso.net\/wp-content\/uploads\/2024\/11\/Postani-skavt-IV-768x576.jpg 768w, https:\/\/szso.net\/wp-content\/uploads\/2024\/11\/Postani-skavt-IV-16x12.jpg 16w\" sizes=\"auto, (max-width: 957px) 100vw, 957px\" \/>\t\t\t\t\t\t\n\t\t\t\t\t<\/div>\n\t\t\t\t\t\t\t\t\n<style>\n#image_1380970920 {\n  width: 100%;\n}\n<\/style>\n\t<\/div>\n\t\n\n<h3>Izvidniki in vodnice (11\u201316 let)<\/h3>\n<p>Izvidniki in vodnice se podajajo na\u00a0<b>pustolov\u0161\u010dine<\/b> v naravi. V vodih prevzemajo odgovornosti, se u\u010dijo samostojnosti in timskega dela. U\u010dijo se skavtskih ve\u0161\u010din, na\u010drtujejo in izvajajo podvige, preko katerih krepijo skavtske spretnosti.<\/p>\n\n\t\t<\/div>\n\t\t\t\t\t<\/div>\n\n\t\n\n\t<div id=\"col-604367650\" class=\"col medium-4 small-12 large-4\"  >\n\t\t\t\t<div class=\"col-inner text-left\"  >\n\t\t\t\n\t\t\t\n\n\t<div class=\"img has-hover x md-x lg-x y md-y lg-y\" id=\"image_1432861260\">\n\t\t\t\t\t\t\t\t<div class=\"img-inner dark\" >\n\t\t\t<img loading=\"lazy\" decoding=\"async\" width=\"948\" height=\"711\" src=\"https:\/\/szso.net\/wp-content\/uploads\/2024\/11\/RP-pot-3.jpg\" class=\"attachment-large size-large\" alt=\"\" srcset=\"https:\/\/szso.net\/wp-content\/uploads\/2024\/11\/RP-pot-3.jpg 948w, https:\/\/szso.net\/wp-content\/uploads\/2024\/11\/RP-pot-3-533x400.jpg 533w, https:\/\/szso.net\/wp-content\/uploads\/2024\/11\/RP-pot-3-768x576.jpg 768w, https:\/\/szso.net\/wp-content\/uploads\/2024\/11\/RP-pot-3-16x12.jpg 16w\" sizes=\"auto, (max-width: 948px) 100vw, 948px\" \/>\t\t\t\t\t\t\n\t\t\t\t\t<\/div>\n\t\t\t\t\t\t\t\t\n<style>\n#image_1432861260 {\n  width: 100%;\n}\n<\/style>\n\t<\/div>\n\t\n\n<h3>Roverji in popotnice (16\u201321 let)<\/h3>\n<p>Roverji in popotnice so mladi, ki se skozi skupnost, pot in slu\u017eenje u\u010dijo vrednot,\u00a0<b>ljubezni<\/b>\u00a0do bli\u017enjega in odgovornosti. Skozi poglavja razvijajo \u017eivljenjske ve\u0161\u010dine ter raziskujejo svoja interesna podro\u010dja v \u0161ir\u0161em dru\u017ebenem okolju.<\/p>\n\n\t\t<\/div>\n\t\t\t\t\t<\/div>\n\n\t\n\n<\/div>\n\n\t\t<\/div>\n\n\t\t\n<style>\n#section_691394809 {\n  padding-top: 60px;\n  padding-bottom: 60px;\n  background-color: rgb(255, 255, 255);\n}\n#section_691394809 .section-bg-overlay {\n  background-color: rgba(255, 255, 255, 0.85);\n}\n<\/style>\n\t<\/section>\n\t\n\n\t<section class=\"section\" id=\"section_1968964494\">\n\t\t<div class=\"section-bg fill\" >\n\t\t\t\t\t\t\t\t\t<div class=\"section-bg-overlay absolute fill\"><\/div>\n\t\t\t\n\n\t\t<\/div>\n\n\t\t\n\n\t\t<div class=\"section-content relative\">\n\t\t\t\n\n<div class=\"row row-large align-middle\"  id=\"row-976642719\">\n\n\n\t<div id=\"col-1367102908\" class=\"col small-12 large-12\"  >\n\t\t\t\t<div class=\"col-inner\"  >\n\t\t\t\n\t\t\t\n\n<h3>Se \u017eeli\u0161 pridru\u017eiti?<\/h3>\n<p>Stopi v stik z nami.<\/p>\n<a href=\"https:\/\/szso.net\/it\/kontakti\/\" class=\"button primary\" style=\"border-radius:99px;\">\n\t\t<span>Kontakti<\/span>\n\t<i class=\"icon-angle-right\" aria-hidden=\"true\"><\/i><\/a>\n\n\n\n\t\t<\/div>\n\t\t\t\t\t<\/div>\n\n\t\n\n<\/div>\n\n\t\t<\/div>\n\n\t\t\n<style>\n#section_1968964494 {\n  padding-top: 60px;\n  padding-bottom: 60px;\n  background-color: rgb(255, 255, 255);\n}\n#section_1968964494 .section-bg-overlay {\n  background-color: rgba(255, 255, 255, 0.85);\n}\n<\/style>\n\t<\/section>\n\t\n<div class=\"row\"  id=\"row-530561217\">\n\n\n\t<div id=\"col-897688951\" class=\"col small-12 large-12\"  >\n\t\t\t\t<div class=\"col-inner\"  >\n\t\t\t\n\t\t\t\n\n  <div class=\"banner-grid-wrapper\">\n  <div id=\"banner-grid-1712044117\" class=\"banner-grid row row-grid row-small\" data-packery-options=\"\">\n                      \n\n<div class=\"col grid-col large-6 grid-col-2-3\" ><div class=\"col-inner\">\n\n\t<div class=\"img has-hover x md-x lg-x y md-y lg-y\" id=\"image_2128859094\">\n\t\t\t\t\t\t\t\t<div class=\"img-inner dark\" >\n\t\t\t<img loading=\"lazy\" decoding=\"async\" width=\"1020\" height=\"765\" src=\"https:\/\/szso.net\/wp-content\/uploads\/2024\/11\/BP-Duhovnost-in-pomoc-bliznjemu.jpg\" class=\"attachment-large size-large\" alt=\"\" srcset=\"https:\/\/szso.net\/wp-content\/uploads\/2024\/11\/BP-Duhovnost-in-pomoc-bliznjemu.jpg 1067w, https:\/\/szso.net\/wp-content\/uploads\/2024\/11\/BP-Duhovnost-in-pomoc-bliznjemu-534x400.jpg 534w, https:\/\/szso.net\/wp-content\/uploads\/2024\/11\/BP-Duhovnost-in-pomoc-bliznjemu-768x576.jpg 768w, https:\/\/szso.net\/wp-content\/uploads\/2024\/11\/BP-Duhovnost-in-pomoc-bliznjemu-16x12.jpg 16w\" sizes=\"auto, (max-width: 1020px) 100vw, 1020px\" \/>\t\t\t\t\t\t\n\t\t\t\t\t<\/div>\n\t\t\t\t\t\t\t\t\n<style>\n#image_2128859094 {\n  width: 100%;\n}\n<\/style>\n\t<\/div>\n\t\n\n\n<\/div><\/div>\n<div class=\"col grid-col large-6 grid-col-1-2\" ><div class=\"col-inner\">\n\n\t<div class=\"img has-hover x md-x lg-x y md-y lg-y\" id=\"image_543656790\">\n\t\t\t\t\t\t\t\t<div class=\"img-inner dark\" >\n\t\t\t<img loading=\"lazy\" decoding=\"async\" width=\"948\" height=\"711\" src=\"https:\/\/szso.net\/wp-content\/uploads\/2024\/11\/Postani-skavt-mozaik-2.jpg\" class=\"attachment-large size-large\" alt=\"\" srcset=\"https:\/\/szso.net\/wp-content\/uploads\/2024\/11\/Postani-skavt-mozaik-2.jpg 948w, https:\/\/szso.net\/wp-content\/uploads\/2024\/11\/Postani-skavt-mozaik-2-533x400.jpg 533w, https:\/\/szso.net\/wp-content\/uploads\/2024\/11\/Postani-skavt-mozaik-2-768x576.jpg 768w, https:\/\/szso.net\/wp-content\/uploads\/2024\/11\/Postani-skavt-mozaik-2-16x12.jpg 16w\" sizes=\"auto, (max-width: 948px) 100vw, 948px\" \/>\t\t\t\t\t\t\n\t\t\t\t\t<\/div>\n\t\t\t\t\t\t\t\t\n<style>\n#image_543656790 {\n  width: 100%;\n}\n<\/style>\n\t<\/div>\n\t\n\n\n<\/div><\/div>\n<div class=\"col grid-col large-3 grid-col-1-2\" ><div class=\"col-inner\">\n\n\t<div class=\"img has-hover x md-x lg-x y md-y lg-y\" id=\"image_1030377800\">\n\t\t\t\t\t\t\t\t<div class=\"img-inner dark\" >\n\t\t\t<img loading=\"lazy\" decoding=\"async\" width=\"826\" height=\"619\" src=\"https:\/\/szso.net\/wp-content\/uploads\/2024\/11\/BP-Zdravje-in-telesna-moc.jpg\" class=\"attachment-large size-large\" alt=\"\" srcset=\"https:\/\/szso.net\/wp-content\/uploads\/2024\/11\/BP-Zdravje-in-telesna-moc.jpg 826w, https:\/\/szso.net\/wp-content\/uploads\/2024\/11\/BP-Zdravje-in-telesna-moc-534x400.jpg 534w, https:\/\/szso.net\/wp-content\/uploads\/2024\/11\/BP-Zdravje-in-telesna-moc-768x576.jpg 768w, https:\/\/szso.net\/wp-content\/uploads\/2024\/11\/BP-Zdravje-in-telesna-moc-16x12.jpg 16w\" sizes=\"auto, (max-width: 826px) 100vw, 826px\" \/>\t\t\t\t\t\t\n\t\t\t\t\t<\/div>\n\t\t\t\t\t\t\t\t\n<style>\n#image_1030377800 {\n  width: 100%;\n}\n<\/style>\n\t<\/div>\n\t\n\n\n<\/div><\/div>\n<div class=\"col grid-col large-3 grid-col-1-2\" ><div class=\"col-inner\">\n\n\t<div class=\"img has-hover x md-x lg-x y md-y lg-y\" id=\"image_1368159597\">\n\t\t\t\t\t\t\t\t<div class=\"img-inner dark\" >\n\t\t\t<img loading=\"lazy\" decoding=\"async\" width=\"720\" height=\"540\" src=\"https:\/\/szso.net\/wp-content\/uploads\/2024\/11\/IV-vozli.jpg\" class=\"attachment-large size-large\" alt=\"\" srcset=\"https:\/\/szso.net\/wp-content\/uploads\/2024\/11\/IV-vozli.jpg 720w, https:\/\/szso.net\/wp-content\/uploads\/2024\/11\/IV-vozli-533x400.jpg 533w, https:\/\/szso.net\/wp-content\/uploads\/2024\/11\/IV-vozli-16x12.jpg 16w\" sizes=\"auto, (max-width: 720px) 100vw, 720px\" \/>\t\t\t\t\t\t\n\t\t\t\t\t<\/div>\n\t\t\t\t\t\t\t\t\n<style>\n#image_1368159597 {\n  width: 100%;\n}\n<\/style>\n\t<\/div>\n\t\n\n\n<\/div><\/div>\n<div class=\"col grid-col large-6 grid-col-1-3\" ><div class=\"col-inner\">\n\n\t<div class=\"img has-hover x md-x lg-x y md-y lg-y\" id=\"image_1027157555\">\n\t\t\t\t\t\t\t\t<div class=\"img-inner dark\" >\n\t\t\t<img loading=\"lazy\" decoding=\"async\" width=\"1020\" height=\"765\" src=\"https:\/\/szso.net\/wp-content\/uploads\/2024\/11\/BP-Vzgoja-znacaja.jpg\" class=\"attachment-large size-large\" alt=\"\" srcset=\"https:\/\/szso.net\/wp-content\/uploads\/2024\/11\/BP-Vzgoja-znacaja.jpg 1067w, https:\/\/szso.net\/wp-content\/uploads\/2024\/11\/BP-Vzgoja-znacaja-534x400.jpg 534w, https:\/\/szso.net\/wp-content\/uploads\/2024\/11\/BP-Vzgoja-znacaja-768x576.jpg 768w, https:\/\/szso.net\/wp-content\/uploads\/2024\/11\/BP-Vzgoja-znacaja-16x12.jpg 16w\" sizes=\"auto, (max-width: 1020px) 100vw, 1020px\" \/>\t\t\t\t\t\t\n\t\t\t\t\t<\/div>\n\t\t\t\t\t\t\t\t\n<style>\n#image_1027157555 {\n  width: 100%;\n}\n<\/style>\n\t<\/div>\n\t\n\n\n<\/div><\/div>\n\n            <\/div>\n    <style>\n    #banner-grid-1712044117 .grid-col-1{height: 600px}\n    #banner-grid-1712044117 .grid-col-1-2{height: 300px}\n    #banner-grid-1712044117 .grid-col-1-3{height:200px}\n    #banner-grid-1712044117 .grid-col-2-3{height: 400px}\n    #banner-grid-1712044117 .grid-col-1-4{height: 150px}\n    #banner-grid-1712044117 .grid-col-3-4{height: 450px}\n\n\n    \n    \n\n  <\/style>\n    <\/div>\n  \n\n\t\t<\/div>\n\t\t\t\t\t<\/div>\n\n\t\n\n<\/div>\n\n\t<section class=\"section\" id=\"section_1522977621\">\n\t\t<div class=\"section-bg fill\" >\n\t\t\t\t\t\t\t\t\t<div class=\"section-bg-overlay absolute fill\"><\/div>\n\t\t\t\n\n\t\t<\/div>\n\n\t\t\n\n\t\t<div class=\"section-content relative\">\n\t\t\t\n\n<div class=\"row row-large align-middle\"  id=\"row-114177778\">\n\n\n\t<div id=\"col-1887992602\" class=\"col medium-3 small-12 large-3\"  >\n\t\t\t\t<div class=\"col-inner text-left\"  >\n\t\t\t\n\t\t\t\n\n<h3>Vzgoja zna\u010daja<\/h3>\n<p>pomeni vzgojo posameznika do pozitivnega odnosa do samega sebe, drugih, Boga, narave in naroda.\u00a0<\/p>\n\n\t\t<\/div>\n\t\t\t\t\t<\/div>\n\n\t\n\n\t<div id=\"col-525834310\" class=\"col medium-3 small-12 large-3\"  >\n\t\t\t\t<div class=\"col-inner text-left\"  >\n\t\t\t\n\t\t\t\n\n<h3>Zdravje in telesna mo\u010d<\/h3>\n<p>vzgaja k pozitivnemu odnosu do sebe. Skavt do\u017eivlja telo kot bo\u017eji dar in sredstvo, preko katerega se izra\u017ea.<\/p>\n\n\t\t<\/div>\n\t\t\t\t\t<\/div>\n\n\t\n\n\t<div id=\"col-1931638519\" class=\"col medium-3 small-12 large-3\"  >\n\t\t\t\t<div class=\"col-inner text-left\"  >\n\t\t\t\n\t\t\t\n\n<h3>Ro\u010dne spretnosti<\/h3>\n<p>usposabljajo skavta za prakti\u010dno delo, obenem pa ga u\u010dijo prena\u0161ati trud in neuspehe.\u00a0<\/p>\n<p>\u00a0<\/p>\n\n\t\t<\/div>\n\t\t\t\t\t<\/div>\n\n\t\n\n\t<div id=\"col-816898497\" class=\"col medium-3 small-12 large-3\"  >\n\t\t\t\t<div class=\"col-inner text-left\"  >\n\t\t\t\n\t\t\t\n\n<h3>Duhovnost in pomo\u010d bli\u017enjemu<\/h3>\n<p>pomeni vzgojo k ljubezni do drugega, solidarnosti in sprejemanja razli\u010dnosti.\u00a0<\/p>\n\n\t\t<\/div>\n\t\t\t\t\t<\/div>\n\n\t\n\n\t<div id=\"col-1481659990\" class=\"col medium-4 small-12 large-4\"  >\n\t\t\t\t<div class=\"col-inner\"  >\n\t\t\t\n\t\t\t\n\n\t<div class=\"img has-hover x md-x lg-x y md-y lg-y\" id=\"image_289866527\">\n\t\t\t\t\t\t\t\t<div class=\"img-inner box-shadow-2 dark\" >\n\t\t\t\t\t\t\t\t\t\n\t\t\t\t\t<\/div>\n\t\t\t\t\t\t\t\t\n<style>\n#image_289866527 {\n  width: 100%;\n}\n<\/style>\n\t<\/div>\n\t\n\n\n\t\t<\/div>\n\t\t\t\t\t<\/div>\n\n\t\n\n<\/div>\n\n\t\t<\/div>\n\n\t\t\n<style>\n#section_1522977621 {\n  padding-top: 60px;\n  padding-bottom: 60px;\n  background-color: rgb(255, 255, 255);\n}\n#section_1522977621 .section-bg-overlay {\n  background-color: rgba(255, 255, 255, 0.85);\n}\n<\/style>\n\t<\/section>\n\t\n\n\t<section class=\"section\" id=\"section_1621220838\">\n\t\t<div class=\"section-bg fill\" >\n\t\t\t\t\t\t\t\t\t<div class=\"section-bg-overlay absolute fill\"><\/div>\n\t\t\t\n\n\t\t<\/div>\n\n\t\t\n\n\t\t<div class=\"section-content relative\">\n\t\t\t\n\n<div class=\"row row-large align-middle\"  id=\"row-2081159590\">\n\n\n\t<div id=\"col-294512019\" class=\"col small-12 large-12\"  >\n\t\t\t\t<div class=\"col-inner\"  >\n\t\t\t\n\t\t\t\n\n<h3>Smo te prepri\u010dali?<\/h3>\n<p>\u010ce bi se nam rad pridru\u017eil, stopi v stik z nami.<\/p>\n<a href=\"https:\/\/szso.net\/it\/kontakti\/\" class=\"button primary\" style=\"border-radius:99px;\">\n\t\t<span>Kontakti<\/span>\n\t<i class=\"icon-angle-right\" aria-hidden=\"true\"><\/i><\/a>\n\n\n\n\t\t<\/div>\n\t\t\t\t\t<\/div>\n\n\t\n\n<\/div>\n\n\t\t<\/div>\n\n\t\t\n<style>\n#section_1621220838 {\n  padding-top: 60px;\n  padding-bottom: 60px;\n  background-color: rgb(255, 255, 255);\n}\n#section_1621220838 .section-bg-overlay {\n  background-color: rgba(255, 255, 255, 0.85);\n}\n<\/style>\n\t<\/section>\n\t\n\n\t<section class=\"section\" id=\"section_2069487129\">\n\t\t<div class=\"section-bg fill\" >\n\t\t\t<img loading=\"lazy\" decoding=\"async\" width=\"2560\" height=\"1920\" src=\"https:\/\/szso.net\/wp-content\/uploads\/2024\/08\/7.jpg\" class=\"bg attachment- size-\" alt=\"\" \/>\t\t\t\t\t\t<div class=\"section-bg-overlay absolute fill\"><\/div>\n\t\t\t\n\n\t\t<\/div>\n\n\t\t\n\n\t\t<div class=\"section-content relative\">\n\t\t\t\n\n<div class=\"row align-center\"  id=\"row-783428923\">\n\n\n\t<div id=\"col-1482336253\" class=\"col small-12 large-12\"  >\n\t\t\t\t<div class=\"col-inner text-center\"  >\n\t\t\t\n\t\t\t\n\n\t<div id=\"text-3841670205\" class=\"text\">\n\t\t\n\n<h3 class=\"uppercase\">Preberi si, katere starostne<br \/>veje so v na\u0161i organizaciji<\/h3>\n\t\t\n<style>\n#text-3841670205 {\n  font-size: 2.15rem;\n  text-align: center;\n  color: rgb(255, 255, 255);\n}\n#text-3841670205 > * {\n  color: rgb(255, 255, 255);\n}\n<\/style>\n\t<\/div>\n\t\n<a href=\"https:\/\/szso.net\/it\/skavtska-pot\/\" class=\"button secondary is-large\" style=\"border-radius:99px;\">\n\t\t<span>Skavtska pot<\/span>\n\t<i class=\"icon-angle-right\" aria-hidden=\"true\"><\/i><\/a>\n\n\n\n\t\t<\/div>\n\t\t\t\t\t<\/div>\n\n\t\n\n<\/div>\n\n\t\t<\/div>\n\n\t\t\n<style>\n#section_2069487129 {\n  padding-top: 160px;\n  padding-bottom: 160px;\n}\n#section_2069487129 .section-bg-overlay {\n  background-color: rgba(0,0,0,.5);\n}\n<\/style>\n\t<\/section>","protected":false},"excerpt":{"rendered":"","protected":false},"author":1,"featured_media":0,"parent":0,"menu_order":0,"comment_status":"closed","ping_status":"closed","template":"page-blank.php","meta":{"footnotes":""},"class_list":["post-488","page","type-page","status-publish","hentry"],"_links":{"self":[{"href":"https:\/\/szso.net\/it\/wp-json\/wp\/v2\/pages\/488","targetHints":{"allow":["GET"]}}],"collection":[{"href":"https:\/\/szso.net\/it\/wp-json\/wp\/v2\/pages"}],"about":[{"href":"https:\/\/szso.net\/it\/wp-json\/wp\/v2\/types\/page"}],"author":[{"embeddable":true,"href":"https:\/\/szso.net\/it\/wp-json\/wp\/v2\/users\/1"}],"replies":[{"embeddable":true,"href":"https:\/\/szso.net\/it\/wp-json\/wp\/v2\/comments?post=488"}],"version-history":[{"count":28,"href":"https:\/\/szso.net\/it\/wp-json\/wp\/v2\/pages\/488\/revisions"}],"predecessor-version":[{"id":696,"href":"https:\/\/szso.net\/it\/wp-json\/wp\/v2\/pages\/488\/revisions\/696"}],"wp:attachment":[{"href":"https:\/\/szso.net\/it\/wp-json\/wp\/v2\/media?parent=488"}],"curies":[{"name":"wp","href":"https:\/\/api.w.org\/{rel}","templated":true}]}}