{"id":366,"date":"2024-08-14T08:15:04","date_gmt":"2024-08-14T06:15:04","guid":{"rendered":"https:\/\/szso.net\/?page_id=366"},"modified":"2025-12-06T23:35:25","modified_gmt":"2025-12-06T21:35:25","slug":"kontakti","status":"publish","type":"page","link":"https:\/\/szso.net\/it\/kontakti\/","title":{"rendered":"Kontakti"},"content":{"rendered":"<section class=\"section\" id=\"section_936930328\">\n\t\t<div class=\"section-bg fill\" >\n\t\t\t<img loading=\"lazy\" decoding=\"async\" width=\"2560\" height=\"1920\" src=\"https:\/\/szso.net\/wp-content\/uploads\/2024\/08\/1.jpg\" class=\"bg attachment- size-\" alt=\"\" \/>\t\t\t\t\t\t<div class=\"section-bg-overlay absolute fill\"><\/div>\n\t\t\t\n\n\t\t<\/div>\n\n\t\t\n\n\t\t<div class=\"section-content relative\">\n\t\t\t\n\n<div class=\"row row-large align-middle\"  id=\"row-2145344566\">\n\n\n\t<div id=\"col-646525876\" class=\"col medium-7 small-12 large-7\"  >\n\t\t\t\t<div class=\"col-inner text-left\"  >\n\t\t\t\n\t\t\t\n\n<div class=\"is-divider divider clearfix\" ><\/div>\n\n\t<div id=\"text-3655948348\" class=\"text\">\n\t\t\n\n<h1>Kontakti<\/h1>\n\t\t\n<style>\n#text-3655948348 {\n  font-size: 1.6rem;\n  color: rgb(255, 255, 255);\n}\n#text-3655948348 > * {\n  color: rgb(255, 255, 255);\n}\n<\/style>\n\t<\/div>\n\t\n\n\t\t<\/div>\n\t\t\t\t\t<\/div>\n\n\t\n\n<\/div>\n\n\t\t<\/div>\n\n\t\t\n<style>\n#section_936930328 {\n  padding-top: 60px;\n  padding-bottom: 60px;\n  background-color: rgb(255, 255, 255);\n}\n#section_936930328 .section-bg-overlay {\n  background-color: rgba(0, 0, 0, 0.5);\n}\n<\/style>\n\t<\/section>\n\t\n\n\t<section class=\"section\" id=\"section_1914274761\">\n\t\t<div class=\"section-bg fill\" >\n\t\t\t\t\t\t\t\t\t<div class=\"section-bg-overlay absolute fill\"><\/div>\n\t\t\t\n\n\t\t<\/div>\n\n\t\t\n\n\t\t<div class=\"section-content relative\">\n\t\t\t\n\n<div class=\"row row-large align-middle\"  id=\"row-1184450044\">\n\n\n\t<div id=\"col-865429536\" class=\"col medium-6 small-12 large-6\"  >\n\t\t\t\t<div class=\"col-inner text-left\"  >\n\t\t\t\n\t\t\t\n\n<h2>De\u017eelno vodstvo<\/h2>\n<p>De\u017eelno vodstvo je od leta 1976\u00a0najvi\u0161ji organ v organizaciji SZSO in zdru\u017euje tr\u017ea\u0161ko in gori\u0161ko vejo organizacije.\u00a0<\/p>\n<p><strong>E-naslov: <a href=\"mailto:info@szso.net\" target=\"_blank\" rel=\"noopener\">info@szso.net<\/a><\/strong><\/p>\n<p><strong>Telefon:<\/strong> +39 328 250 4625<\/p>\n<p>\u00a0<\/p>\n<p><strong>L&#039;Associazione scout sloveni in Italia<\/strong><br \/>Viale XX Settembre 85<br \/>34170 Gorica, Italija<br \/>D\u0160: 91021810311<br \/>IBAN: IT37 Z089 2812 4000 1300 0660 979<\/p>\n\n\t\t<\/div>\n\t\t\t\t\t<\/div>\n\n\t\n\n\t<div id=\"col-1146616884\" class=\"col medium-6 small-12 large-6\"  >\n\t\t\t\t<div class=\"col-inner\"  >\n\t\t\t\n\t\t\t\n\n\t<div class=\"img has-hover x md-x lg-x y md-y lg-y\" id=\"image_73897965\">\n\t\t\t\t\t\t\t\t<div class=\"img-inner dark\" >\n\t\t\t<img loading=\"lazy\" decoding=\"async\" width=\"1020\" height=\"764\" src=\"https:\/\/szso.net\/wp-content\/uploads\/2024\/12\/DSC_0273-1068x800.jpg\" class=\"attachment-large size-large\" alt=\"\" srcset=\"https:\/\/szso.net\/wp-content\/uploads\/2024\/12\/DSC_0273-1068x800.jpg 1068w, https:\/\/szso.net\/wp-content\/uploads\/2024\/12\/DSC_0273-534x400.jpg 534w, https:\/\/szso.net\/wp-content\/uploads\/2024\/12\/DSC_0273-768x575.jpg 768w, https:\/\/szso.net\/wp-content\/uploads\/2024\/12\/DSC_0273-16x12.jpg 16w, https:\/\/szso.net\/wp-content\/uploads\/2024\/12\/DSC_0273.jpg 1312w\" sizes=\"auto, (max-width: 1020px) 100vw, 1020px\" \/>\t\t\t\t\t\t\n\t\t\t\t\t<\/div>\n\t\t\t\t\t\t\t\t\n<style>\n#image_73897965 {\n  width: 100%;\n}\n<\/style>\n\t<\/div>\n\t\n\n\t<div class=\"img has-hover x md-x lg-x y md-y lg-y\" id=\"image_1157310543\">\n\t\t\t\t\t\t\t\t<div class=\"img-inner box-shadow-2 dark\" >\n\t\t\t\t\t\t\t\t\t\n\t\t\t\t\t<\/div>\n\t\t\t\t\t\t\t\t\n<style>\n#image_1157310543 {\n  width: 100%;\n}\n<\/style>\n\t<\/div>\n\t\n\n\n\t\t<\/div>\n\t\t\t\t\t<\/div>\n\n\t\n\n<\/div>\n\n\t\t<\/div>\n\n\t\t\n<style>\n#section_1914274761 {\n  padding-top: 30px;\n  padding-bottom: 30px;\n  background-color: rgb(255, 255, 255);\n}\n#section_1914274761 .section-bg-overlay {\n  background-color: rgba(255, 255, 255, 0.85);\n}\n<\/style>\n\t<\/section>\n\t\n\n\t<section class=\"section\" id=\"section_1521263393\">\n\t\t<div class=\"section-bg fill\" >\n\t\t\t\t\t\t\t\t\t<div class=\"section-bg-overlay absolute fill\"><\/div>\n\t\t\t\n\n\t\t<\/div>\n\n\t\t\n\n\t\t<div class=\"section-content relative\">\n\t\t\t\n\n<div class=\"row row-large align-middle\"  id=\"row-805232218\">\n\n\n\t<div id=\"col-792022305\" class=\"col medium-6 small-12 large-6\"  >\n\t\t\t\t<div class=\"col-inner text-left\"  >\n\t\t\t\n\t\t\t\n\n<h2>Pokrajina Gorica<\/h2>\n<p><strong>E-naslov: <a href=\"mailto:gorica@szso.net\" target=\"_blank\" rel=\"noopener\">gorica@szso.net<\/a><\/strong><\/p>\n<div><strong>Telefon:<\/strong> +39 331 462 1103<\/div>\n<p>\u00a0<\/p>\n<p><strong>Slovenska zamejska skavtska organizacija &#8211; Gorica<\/strong><br \/>Viale XX Settembre 85<br \/>34170 Gorica, Italija<br \/>D\u0160: 910 218 003 12<br \/>IBAN: IT22 T089 2812 4000 1300 0123 922<\/p>\n\n\t\t<\/div>\n\t\t\t\t\t<\/div>\n\n\t\n\n\t<div id=\"col-1170448527\" class=\"col medium-6 small-12 large-6\"  >\n\t\t\t\t<div class=\"col-inner text-left\"  >\n\t\t\t\n\t\t\t\n\n<h2>Pokrajina Trst<\/h2>\n<p><strong>E-naslov:\u00a0<a href=\"mailto:trst@szso.net\" target=\"_blank\" rel=\"noopener\"><strong>trst@szso.net<\/strong><\/a><\/strong><\/p>\n<div><strong>Telefon:<\/strong> +39 345 588 2332\u00a0<\/div>\n<p>\u00a0<\/p>\n<p><strong>Slovenska zamejska skavtska organizacija &#8211; Trst<\/strong><br \/>Ul. Risorta 3<br \/>34131 Trst, Italija<br \/>D\u0160: 800 208 103 23<br \/>IBAN: IT97 Y089 2802 2000 1000 0000 109<\/p>\n\n\t\t<\/div>\n\t\t\t\t\t<\/div>\n\n\t\n\n<\/div>\n\n\t\t<\/div>\n\n\t\t\n<style>\n#section_1521263393 {\n  padding-top: 30px;\n  padding-bottom: 30px;\n  background-color: rgb(255, 255, 255);\n}\n#section_1521263393 .section-bg-overlay {\n  background-color: rgba(255, 255, 255, 0.85);\n}\n<\/style>\n\t<\/section>\n\t\n\n\t<section class=\"section\" id=\"section_442384671\">\n\t\t<div class=\"section-bg fill\" >\n\t\t\t\t\t\t\t\t\t<div class=\"section-bg-overlay absolute fill\"><\/div>\n\t\t\t\n\n\t\t<\/div>\n\n\t\t\n\n\t\t<div class=\"section-content relative\">\n\t\t\t\n\n<div class=\"row row-large align-middle\"  id=\"row-477616937\">\n\n\n\t<div id=\"col-1774312214\" class=\"col small-12 large-12\"  >\n\t\t\t\t<div class=\"col-inner text-left\"  >\n\t\t\t\n\t\t\t\n\n\n\t\t<div class=\"tabbed-content\">\n\t\t\t<h4 class=\"uppercase text-left\">Stegi<\/h4>\n\t\t\t<ul class=\"nav nav-tabs nav-uppercase nav-size-large nav-left\" role=\"tablist\"><li id=\"tab-gorica\" class=\"tab active has-icon\" role=\"presentation\"><a href=\"#tab_gorica\" role=\"tab\" aria-selected=\"true\" aria-controls=\"tab_gorica\"><span>Gorica<\/span><\/a><\/li>\n<li id=\"tab-trst\" class=\"tab has-icon\" role=\"presentation\"><a href=\"#tab_trst\" tabindex=\"-1\" role=\"tab\" aria-selected=\"false\" aria-controls=\"tab_trst\"><span>Trst<\/span><\/a><\/li>\n<li id=\"tab-kras\" class=\"tab has-icon\" role=\"presentation\"><a href=\"#tab_kras\" tabindex=\"-1\" role=\"tab\" aria-selected=\"false\" aria-controls=\"tab_kras\"><span>Kras<\/span><\/a><\/li><\/ul><div class=\"tab-panels\"><div id=\"tab_gorica\" class=\"panel active entry-content\" role=\"tabpanel\" aria-labelledby=\"tab-gorica\">\n\n<div class=\"row\"  id=\"row-1128588843\">\n\n\n\t<div id=\"col-1612601237\" class=\"col small-12 large-12\"  >\n\t\t\t\t<div class=\"col-inner\"  >\n\t\t\t\n\t\t\t\n\n<div><strong>E-naslov:<\/strong> <a href=\"mailto:steggorica@szso.net\" target=\"_blank\" rel=\"noopener\">gorica@szso.net<\/a><\/div>\n<div>\u00a0<\/div>\n<div><strong>Stegovodja:<\/strong> Lucija Tav\u010dar; Simon Coti\u010d<\/div>\n<p><strong>Krdelovodja:<\/strong> Ivan Bo\u0161kin<br \/><strong>\u010cetovodja:<\/strong> Vida Coti\u010d; Toma\u017e Coti\u010d<br \/><strong>Klanovodja:<\/strong> Julija Coti\u010d; Simon Coti\u010d<\/p>\n<div>\u00a0<\/div>\n\n\t\t<\/div>\n\t\t\t\t\t<\/div>\n\n\t\n\n<\/div>\n\n<\/div>\n<div id=\"tab_trst\" class=\"panel entry-content\" role=\"tabpanel\" aria-labelledby=\"tab-trst\">\n\n<div class=\"row\"  id=\"row-206429805\">\n\n\n\t<div id=\"col-689171718\" class=\"col small-12 large-12\"  >\n\t\t\t\t<div class=\"col-inner\"  >\n\t\t\t\n\t\t\t\n\n<div><strong>E-naslov:<\/strong> <a href=\"mailto:stegtrst@szso.net\" target=\"_blank\" rel=\"noopener\">stegtrst@szso.net<\/a><\/div>\n<div>\u00a0<\/div>\n<div><strong style=\"color: #555555;\">Stegovodja:<\/strong><span style=\"color: #555555;\"> Petra Debelis<\/span><\/div>\n<div><strong style=\"color: #555555;\">Krdelovodja:<\/strong><span style=\"color: #555555;\"> Peter \u0160avron; Maja Devetak (Dolina, Sv. Ivan)<\/span><\/div>\n<div><strong style=\"color: #555555;\">\u010cetovodja:<\/strong><span style=\"color: #555555;\"> Martina Sosi\u010d; Kevin Br\u017ean (Ma\u010dkolje, Sv. Ivan)<\/span><\/div>\n<div><strong style=\"color: #555555;\">Klanovodja:<\/strong><span style=\"color: #555555;\"> Alexa Gherbassi; Luka Baruca<\/span><\/div>\n\n\t\t<\/div>\n\t\t\t\t\t<\/div>\n\n\t\n\n<\/div>\n\n<\/div>\n<div id=\"tab_kras\" class=\"panel entry-content\" role=\"tabpanel\" aria-labelledby=\"tab-kras\">\n\n<div class=\"row\"  id=\"row-693398785\">\n\n\n\t<div id=\"col-880109977\" class=\"col small-12 large-12\"  >\n\t\t\t\t<div class=\"col-inner\"  >\n\t\t\t\n\t\t\t\n\n<div><strong>E-naslov:<\/strong> <a href=\"mailto:stegkras@szso.net\" target=\"_blank\" rel=\"noopener\">stegkras@szso.net<\/a><\/div>\n<div>\u00a0<\/div>\n<div><strong>Stegovodja:<\/strong> Noel Pi\u0161\u010danc<\/div>\n<div><strong>Krdelovodja: <\/strong>Aurora Leghissa (Nabre\u017eina); Ksenija \u0160tekar (Op\u010dine)<\/div>\n<div><strong>\u010cetovodja:<\/strong> Jernej Mo\u010dnik (Nabre\u017eina); Lorenzo Mezzavilla (Op\u010dine)<\/div>\n<div><strong>Klanovodja:<\/strong> Petra Pahor<\/div>\n\n\t\t<\/div>\n\t\t\t\t\t<\/div>\n\n\t\n\n<\/div>\n\n<\/div><\/div><\/div>\n\n\t\t<\/div>\n\t\t\t\t\t<\/div>\n\n\t\n\n\t<div id=\"col-863406932\" class=\"col medium-6 small-12 large-6\"  >\n\t\t\t\t<div class=\"col-inner\"  >\n\t\t\t\n\t\t\t\n\n\t<div class=\"img has-hover x md-x lg-x y md-y lg-y\" id=\"image_33196661\">\n\t\t\t\t\t\t\t\t<div class=\"img-inner box-shadow-2 dark\" >\n\t\t\t\t\t\t\t\t\t\n\t\t\t\t\t<\/div>\n\t\t\t\t\t\t\t\t\n<style>\n#image_33196661 {\n  width: 100%;\n}\n<\/style>\n\t<\/div>\n\t\n\n\n\t\t<\/div>\n\t\t\t\t\t<\/div>\n\n\t\n\n<\/div>\n\n\t\t<\/div>\n\n\t\t\n<style>\n#section_442384671 {\n  padding-top: 60px;\n  padding-bottom: 60px;\n  background-color: rgb(255, 255, 255);\n}\n#section_442384671 .section-bg-overlay {\n  background-color: rgba(255, 255, 255, 0.85);\n}\n<\/style>\n\t<\/section>","protected":false},"excerpt":{"rendered":"","protected":false},"author":1,"featured_media":0,"parent":0,"menu_order":0,"comment_status":"closed","ping_status":"closed","template":"page-blank.php","meta":{"footnotes":""},"class_list":["post-366","page","type-page","status-publish","hentry"],"_links":{"self":[{"href":"https:\/\/szso.net\/it\/wp-json\/wp\/v2\/pages\/366","targetHints":{"allow":["GET"]}}],"collection":[{"href":"https:\/\/szso.net\/it\/wp-json\/wp\/v2\/pages"}],"about":[{"href":"https:\/\/szso.net\/it\/wp-json\/wp\/v2\/types\/page"}],"author":[{"embeddable":true,"href":"https:\/\/szso.net\/it\/wp-json\/wp\/v2\/users\/1"}],"replies":[{"embeddable":true,"href":"https:\/\/szso.net\/it\/wp-json\/wp\/v2\/comments?post=366"}],"version-history":[{"count":43,"href":"https:\/\/szso.net\/it\/wp-json\/wp\/v2\/pages\/366\/revisions"}],"predecessor-version":[{"id":787,"href":"https:\/\/szso.net\/it\/wp-json\/wp\/v2\/pages\/366\/revisions\/787"}],"wp:attachment":[{"href":"https:\/\/szso.net\/it\/wp-json\/wp\/v2\/media?parent=366"}],"curies":[{"name":"wp","href":"https:\/\/api.w.org\/{rel}","templated":true}]}}