{"id":355,"date":"2024-08-14T07:22:52","date_gmt":"2024-08-14T05:22:52","guid":{"rendered":"https:\/\/szso.net\/?page_id=355"},"modified":"2024-11-27T21:44:30","modified_gmt":"2024-11-27T19:44:30","slug":"zgodovina","status":"publish","type":"page","link":"https:\/\/szso.net\/it\/zgodovina\/","title":{"rendered":"Zgodovina"},"content":{"rendered":"<section class=\"section\" id=\"section_1420302966\">\n\t\t<div class=\"section-bg fill\" >\n\t\t\t<img loading=\"lazy\" decoding=\"async\" width=\"2560\" height=\"1920\" src=\"https:\/\/szso.net\/wp-content\/uploads\/2024\/08\/1.jpg\" class=\"bg attachment- size-\" alt=\"\" \/>\t\t\t\t\t\t<div class=\"section-bg-overlay absolute fill\"><\/div>\n\t\t\t\n\n\t\t<\/div>\n\n\t\t\n\n\t\t<div class=\"section-content relative\">\n\t\t\t\n\n<div class=\"row row-large align-middle\"  id=\"row-1003058722\">\n\n\n\t<div id=\"col-1509274474\" class=\"col medium-6 small-12 large-6\"  >\n\t\t\t\t<div class=\"col-inner text-left\"  >\n\t\t\t\n\t\t\t\n\n<div class=\"is-divider divider clearfix\" ><\/div>\n\n\t<div id=\"text-214910093\" class=\"text\">\n\t\t\n\n<h1>Zgodovina SZSO<\/h1>\n\t\t\n<style>\n#text-214910093 {\n  font-size: 1.6rem;\n  line-height: 1.65;\n  color: rgb(255, 255, 255);\n}\n#text-214910093 > * {\n  color: rgb(255, 255, 255);\n}\n<\/style>\n\t<\/div>\n\t\n\n\t\t<\/div>\n\t\t\t\t\t<\/div>\n\n\t\n\n\t<div id=\"col-1320259810\" class=\"col medium-6 small-12 large-6\"  >\n\t\t\t\t<div class=\"col-inner\"  >\n\t\t\t\n\t\t\t\n\n\t<div class=\"img has-hover x md-x lg-x y md-y lg-y\" id=\"image_1174168113\">\n\t\t\t\t\t\t\t\t<div class=\"img-inner box-shadow-2 dark\" >\n\t\t\t\t\t\t\t\t\t\n\t\t\t\t\t<\/div>\n\t\t\t\t\t\t\t\t\n<style>\n#image_1174168113 {\n  width: 100%;\n}\n<\/style>\n\t<\/div>\n\t\n\n\n\t\t<\/div>\n\t\t\t\t\t<\/div>\n\n\t\n\n<\/div>\n\n\t\t<\/div>\n\n\t\t\n<style>\n#section_1420302966 {\n  padding-top: 60px;\n  padding-bottom: 60px;\n  background-color: rgb(255, 255, 255);\n}\n#section_1420302966 .section-bg-overlay {\n  background-color: rgba(0, 0, 0, 0.5);\n}\n<\/style>\n\t<\/section>\n\t\n\n\t<section class=\"section\" id=\"section_76885726\">\n\t\t<div class=\"section-bg fill\" >\n\t\t\t\t\t\t\t\t\t<div class=\"section-bg-overlay absolute fill\"><\/div>\n\t\t\t\n\n\t\t<\/div>\n\n\t\t\n\n\t\t<div class=\"section-content relative\">\n\t\t\t\n\n<div class=\"row\"  id=\"row-1799828112\">\n\n\n\t<div id=\"col-656665234\" class=\"col small-12 large-12\"  >\n\t\t\t\t<div class=\"col-inner\"  >\n\t\t\t\n\t\t\t\n\n<p>Zgodovina slovenskega zamejskega skavtskega gibanja sega v leto 1951, ko so kaplan Lojze Zupan\u010di\u010d, prof. Oton Berce in prof. Ivan Theuerschuh za\u010deli zbirati mlade fante v \u0160kednju pri Trstu in tako ustanovili prvi vod Orlov. V kratkem je \u0161e ena skupina nastala v Rojanu. Poleti leta 1952 so se fantje podali na prvi skavtski tabor na Sv. Vi\u0161arje.<\/p>\n<p>Osem let kasneje, leta 1959, so na pobudo dr. Jo\u017eeta Pre\u0161erna nastale tudi slovenske tr\u017ea\u0161ke skavtinje; leta 1963 pa se je skavtsko gibanje raz\u0161irilo tudi na Gori\u0161ko, \u0161tiri leta kasneje so tam za\u010dele delovati tudi slovenske gori\u0161ke skavtinje. Prva desetletja se je tako skavtsko gibanje razvijalo v okviru \u0161tirih lo\u010denih organizacij: Slovenki tr\u017ea\u0161ki skavti, Slovenske tr\u017ea\u0161ke skavtinje, Slovenski gori\u0161ki skavti ter Slovenske gori\u0161ke skavtinje, ki pa so tesno sodelovali.<\/p>\n<p>To sodelovanje je leta 1976 privedlo do zdru\u017eitve vseh organizacij v eno, in sicer v Slovensko zamejsko skavtsko organizacijo, ki deluje \u0161e danes. V istem letu je potekal tudi 1. slovenski zamejski skavtski jamboree v Pinedu pri Pordenonu, ki so se ga udele\u017eili tudi slovenski koro\u0161ki skavti.<\/p>\n<p>Leta 1971 je iz\u0161la tudi prva \u0161tevilka Jambora, ki je bila sprva glasilo slovenskih tr\u017ea\u0161kih skavtinj (kasneje pa tudi skavtov), ki ga SZSO izdaja \u0161e danes.<\/p>\n<p>\u00a0<\/p>\n\n\t\t<\/div>\n\t\t\t\t\t<\/div>\n\n\t\n\n<\/div>\n<div class=\"row\"  id=\"row-322498691\">\n\n\n\t<div id=\"col-1441323465\" class=\"col small-12 large-12\"  >\n\t\t\t\t<div class=\"col-inner text-center\"  >\n\t\t\t\n\t\t\t\n\n\t<div class=\"img has-hover x md-x lg-x y md-y lg-y\" id=\"image_69788153\">\n\t\t\t\t\t\t\t\t<div class=\"img-inner dark\" >\n\t\t\t<img loading=\"lazy\" decoding=\"async\" width=\"534\" height=\"400\" src=\"https:\/\/szso.net\/wp-content\/uploads\/2024\/11\/IV-sotori-534x400.jpg\" class=\"attachment-medium size-medium\" alt=\"\" srcset=\"https:\/\/szso.net\/wp-content\/uploads\/2024\/11\/IV-sotori-534x400.jpg 534w, https:\/\/szso.net\/wp-content\/uploads\/2024\/11\/IV-sotori-768x576.jpg 768w, https:\/\/szso.net\/wp-content\/uploads\/2024\/11\/IV-sotori-16x12.jpg 16w, https:\/\/szso.net\/wp-content\/uploads\/2024\/11\/IV-sotori.jpg 1067w\" sizes=\"auto, (max-width: 534px) 100vw, 534px\" \/>\t\t\t\t\t\t\n\t\t\t\t\t<\/div>\n\t\t\t\t\t\t\t\t\n<style>\n#image_69788153 {\n  width: 66%;\n}\n<\/style>\n\t<\/div>\n\t\n\n\n\t\t<\/div>\n\t\t\t\t\t<\/div>\n\n\t\n\n<\/div>\n<div class=\"row\"  id=\"row-488605585\">\n\n\n\t<div id=\"col-737308222\" class=\"col small-12 large-12\"  >\n\t\t\t\t<div class=\"col-inner\"  >\n\t\t\t\n\t\t\t\n\n<p>\u00a0<\/p>\n<p>V osemdesetih letih se je skavtsko gibanje mno\u017ei\u010dno raz\u0161irilo med mladino v zamejstvu in \u0161telo tudi do 700 \u010dlanov. Organizacija se je razdelila v teritorialne enote: stege, ki \u0161e danes delujejo v raznih krajih. Steg Trst zaobjema obmo\u010dje Brega in mesta Trst; Kra\u0161ki steg zaobjema obmo\u010dje krasa, stega Gorica pa celotno gori\u0161ko pokrajino.<\/p>\n<p>Zamejski skavti so organizirali tudi 5 ve\u010djih skavtskih taborov \u2013 jamboreejev, in sicer leta 1979 v Logu pod Mangartom, leta 1984 v Globasnici na avstrijskem Koro\u0161kem, leta 1995 v \u010cezso\u010di ter leta 2006 v Terskih dolinah.<\/p>\n<p>Tesno sodelovanje vseh skavtskih skupin je leta 1999 privedlo do priprave in sprejema novega statuta (l. 2000), s katerim je organizacija za\u017eivela kot enotna in samostojna pravna oseba.<\/p>\n<p>Slovenska zamejska skavtska organizacija je tudi dejansko pripomogla k nastanku ZSKSS, Zdru\u017eenju slovenskih katoli\u0161kih skavtov in skavtinj, s katerimi je leta 2000 podpisal prvo spomenico o sodelovanju, prav tako kot ima spomenico o sodelovanju tudi z italijansko skavtsko katoli\u0161ko organizacijo AGESCI. Obe sta bili pripravljeni in podpisani leta 2000, de\u017eelna vodstva pa so v vseh letih skrbela, da se spomenice redno pregledujejo in sproti obnavljajo tesne stike z obema sorodnima organizacijami.<\/p>\n<p>V zadnjem desetletju je nastala tudi skupina odraslih skavtov, katerih delovanje je tesno povezano z italijansko organizacijo MASCI (Movimento adulti scout cattolici) in ZBOKSS (Zdru\u017eenje bratov\u0161\u010din odraslih katoli\u0161kih skavtinj in skavtov).<\/p>\n<p>\u00a0<\/p>\n<p>\u00a0<\/p>\n\n\t\t<\/div>\n\t\t\t\t\t<\/div>\n\n\t\n\n<\/div>\n<div class=\"row\"  id=\"row-22704872\">\n\n\n\t<div id=\"col-2004471056\" class=\"col small-12 large-12\"  >\n\t\t\t\t<div class=\"col-inner\"  >\n\t\t\t\n\t\t\t\n\n\n  \n    <div id=\"gallery-537530203\" class=\"slider slider-auto-height row-collapse slider-nav-outside slider-nav-simple\" data-flickity-options='{&quot;imagesLoaded&quot;: true, &quot;dragThreshold&quot; : 5, &quot;cellAlign&quot;: &quot;left&quot;,&quot;wrapAround&quot;: true,&quot;prevNextButtons&quot;: true,&quot;percentPosition&quot;: true,&quot;pageDots&quot;: true, &quot;rightToLeft&quot;: false, &quot;autoPlay&quot; : 5000}'>\n\n  <div class=\"gallery-col col\" >\n          <div class=\"col-inner\">\n            <a class=\"image-lightbox lightbox-gallery\" href=\"https:\/\/szso.net\/wp-content\/uploads\/2024\/08\/11-533x400.jpg\" title=\"\">            <div class=\"box has-hover gallery-box box-default\">\n              <div class=\"box-image\" style=\"width:86%;\">\n                <img loading=\"lazy\" decoding=\"async\" width=\"533\" height=\"400\" src=\"https:\/\/szso.net\/wp-content\/uploads\/2024\/08\/11-533x400.jpg\" class=\"attachment-medium size-medium\" alt=\"\" ids=\"421,419,420,418,417,416,415,414,413,657\" style=\"default\" lightbox_image_size=\"medium\" type=\"slider-full\" slider_nav_style=\"simple\" slider_nav_position=\"outside\" slider_bullets=\"true\" auto_slide=\"5000\" image_width=\"86\" text_align=\"center\" srcset=\"https:\/\/szso.net\/wp-content\/uploads\/2024\/08\/11-533x400.jpg 533w, https:\/\/szso.net\/wp-content\/uploads\/2024\/08\/11-1067x800.jpg 1067w, https:\/\/szso.net\/wp-content\/uploads\/2024\/08\/11-768x576.jpg 768w, https:\/\/szso.net\/wp-content\/uploads\/2024\/08\/11-1536x1152.jpg 1536w, https:\/\/szso.net\/wp-content\/uploads\/2024\/08\/11-2048x1536.jpg 2048w\" sizes=\"auto, (max-width: 533px) 100vw, 533px\" \/>                                                              <\/div>\n              <div class=\"box-text text-center\" >\n                 <p><\/p>\n              <\/div>\n            <\/div>\n            <\/a>          <\/div>\n         <\/div><div class=\"gallery-col col\" >\n          <div class=\"col-inner\">\n            <a class=\"image-lightbox lightbox-gallery\" href=\"https:\/\/szso.net\/wp-content\/uploads\/2024\/08\/9-533x400.jpg\" title=\"\">            <div class=\"box has-hover gallery-box box-default\">\n              <div class=\"box-image\" style=\"width:86%;\">\n                <img loading=\"lazy\" decoding=\"async\" width=\"533\" height=\"400\" src=\"https:\/\/szso.net\/wp-content\/uploads\/2024\/08\/9-533x400.jpg\" class=\"attachment-medium size-medium\" alt=\"\" ids=\"421,419,420,418,417,416,415,414,413,657\" style=\"default\" lightbox_image_size=\"medium\" type=\"slider-full\" slider_nav_style=\"simple\" slider_nav_position=\"outside\" slider_bullets=\"true\" auto_slide=\"5000\" image_width=\"86\" text_align=\"center\" srcset=\"https:\/\/szso.net\/wp-content\/uploads\/2024\/08\/9-533x400.jpg 533w, https:\/\/szso.net\/wp-content\/uploads\/2024\/08\/9-1067x800.jpg 1067w, https:\/\/szso.net\/wp-content\/uploads\/2024\/08\/9-768x576.jpg 768w, https:\/\/szso.net\/wp-content\/uploads\/2024\/08\/9-1536x1152.jpg 1536w, https:\/\/szso.net\/wp-content\/uploads\/2024\/08\/9-2048x1536.jpg 2048w\" sizes=\"auto, (max-width: 533px) 100vw, 533px\" \/>                                                              <\/div>\n              <div class=\"box-text text-center\" >\n                 <p><\/p>\n              <\/div>\n            <\/div>\n            <\/a>          <\/div>\n         <\/div><div class=\"gallery-col col\" >\n          <div class=\"col-inner\">\n            <a class=\"image-lightbox lightbox-gallery\" href=\"https:\/\/szso.net\/wp-content\/uploads\/2024\/08\/10-533x400.jpg\" title=\"\">            <div class=\"box has-hover gallery-box box-default\">\n              <div class=\"box-image\" style=\"width:86%;\">\n                <img loading=\"lazy\" decoding=\"async\" width=\"533\" height=\"400\" src=\"https:\/\/szso.net\/wp-content\/uploads\/2024\/08\/10-533x400.jpg\" class=\"attachment-medium size-medium\" alt=\"\" ids=\"421,419,420,418,417,416,415,414,413,657\" style=\"default\" lightbox_image_size=\"medium\" type=\"slider-full\" slider_nav_style=\"simple\" slider_nav_position=\"outside\" slider_bullets=\"true\" auto_slide=\"5000\" image_width=\"86\" text_align=\"center\" srcset=\"https:\/\/szso.net\/wp-content\/uploads\/2024\/08\/10-533x400.jpg 533w, https:\/\/szso.net\/wp-content\/uploads\/2024\/08\/10-1067x800.jpg 1067w, https:\/\/szso.net\/wp-content\/uploads\/2024\/08\/10-768x576.jpg 768w, https:\/\/szso.net\/wp-content\/uploads\/2024\/08\/10-1536x1152.jpg 1536w, https:\/\/szso.net\/wp-content\/uploads\/2024\/08\/10-2048x1536.jpg 2048w\" sizes=\"auto, (max-width: 533px) 100vw, 533px\" \/>                                                              <\/div>\n              <div class=\"box-text text-center\" >\n                 <p><\/p>\n              <\/div>\n            <\/div>\n            <\/a>          <\/div>\n         <\/div><div class=\"gallery-col col\" >\n          <div class=\"col-inner\">\n            <a class=\"image-lightbox lightbox-gallery\" href=\"https:\/\/szso.net\/wp-content\/uploads\/2024\/08\/8-533x400.jpg\" title=\"\">            <div class=\"box has-hover gallery-box box-default\">\n              <div class=\"box-image\" style=\"width:86%;\">\n                <img loading=\"lazy\" decoding=\"async\" width=\"533\" height=\"400\" src=\"https:\/\/szso.net\/wp-content\/uploads\/2024\/08\/8-533x400.jpg\" class=\"attachment-medium size-medium\" alt=\"\" ids=\"421,419,420,418,417,416,415,414,413,657\" style=\"default\" lightbox_image_size=\"medium\" type=\"slider-full\" slider_nav_style=\"simple\" slider_nav_position=\"outside\" slider_bullets=\"true\" auto_slide=\"5000\" image_width=\"86\" text_align=\"center\" srcset=\"https:\/\/szso.net\/wp-content\/uploads\/2024\/08\/8-533x400.jpg 533w, https:\/\/szso.net\/wp-content\/uploads\/2024\/08\/8-1067x800.jpg 1067w, https:\/\/szso.net\/wp-content\/uploads\/2024\/08\/8-768x576.jpg 768w, https:\/\/szso.net\/wp-content\/uploads\/2024\/08\/8-1536x1152.jpg 1536w, https:\/\/szso.net\/wp-content\/uploads\/2024\/08\/8-2048x1536.jpg 2048w\" sizes=\"auto, (max-width: 533px) 100vw, 533px\" \/>                                                              <\/div>\n              <div class=\"box-text text-center\" >\n                 <p><\/p>\n              <\/div>\n            <\/div>\n            <\/a>          <\/div>\n         <\/div><div class=\"gallery-col col\" >\n          <div class=\"col-inner\">\n            <a class=\"image-lightbox lightbox-gallery\" href=\"https:\/\/szso.net\/wp-content\/uploads\/2024\/08\/7-533x400.jpg\" title=\"\">            <div class=\"box has-hover gallery-box box-default\">\n              <div class=\"box-image\" style=\"width:86%;\">\n                <img loading=\"lazy\" decoding=\"async\" width=\"533\" height=\"400\" src=\"https:\/\/szso.net\/wp-content\/uploads\/2024\/08\/7-533x400.jpg\" class=\"attachment-medium size-medium\" alt=\"\" ids=\"421,419,420,418,417,416,415,414,413,657\" style=\"default\" lightbox_image_size=\"medium\" type=\"slider-full\" slider_nav_style=\"simple\" slider_nav_position=\"outside\" slider_bullets=\"true\" auto_slide=\"5000\" image_width=\"86\" text_align=\"center\" srcset=\"https:\/\/szso.net\/wp-content\/uploads\/2024\/08\/7-533x400.jpg 533w, https:\/\/szso.net\/wp-content\/uploads\/2024\/08\/7-1067x800.jpg 1067w, https:\/\/szso.net\/wp-content\/uploads\/2024\/08\/7-768x576.jpg 768w, https:\/\/szso.net\/wp-content\/uploads\/2024\/08\/7-1536x1152.jpg 1536w, https:\/\/szso.net\/wp-content\/uploads\/2024\/08\/7-2048x1536.jpg 2048w\" sizes=\"auto, (max-width: 533px) 100vw, 533px\" \/>                                                              <\/div>\n              <div class=\"box-text text-center\" >\n                 <p><\/p>\n              <\/div>\n            <\/div>\n            <\/a>          <\/div>\n         <\/div><div class=\"gallery-col col\" >\n          <div class=\"col-inner\">\n            <a class=\"image-lightbox lightbox-gallery\" href=\"https:\/\/szso.net\/wp-content\/uploads\/2024\/08\/6-533x400.jpg\" title=\"\">            <div class=\"box has-hover gallery-box box-default\">\n              <div class=\"box-image\" style=\"width:86%;\">\n                <img loading=\"lazy\" decoding=\"async\" width=\"533\" height=\"400\" src=\"https:\/\/szso.net\/wp-content\/uploads\/2024\/08\/6-533x400.jpg\" class=\"attachment-medium size-medium\" alt=\"\" ids=\"421,419,420,418,417,416,415,414,413,657\" style=\"default\" lightbox_image_size=\"medium\" type=\"slider-full\" slider_nav_style=\"simple\" slider_nav_position=\"outside\" slider_bullets=\"true\" auto_slide=\"5000\" image_width=\"86\" text_align=\"center\" srcset=\"https:\/\/szso.net\/wp-content\/uploads\/2024\/08\/6-533x400.jpg 533w, https:\/\/szso.net\/wp-content\/uploads\/2024\/08\/6-1067x800.jpg 1067w, https:\/\/szso.net\/wp-content\/uploads\/2024\/08\/6-768x576.jpg 768w, https:\/\/szso.net\/wp-content\/uploads\/2024\/08\/6-1536x1152.jpg 1536w, https:\/\/szso.net\/wp-content\/uploads\/2024\/08\/6-2048x1536.jpg 2048w\" sizes=\"auto, (max-width: 533px) 100vw, 533px\" \/>                                                              <\/div>\n              <div class=\"box-text text-center\" >\n                 <p><\/p>\n              <\/div>\n            <\/div>\n            <\/a>          <\/div>\n         <\/div><div class=\"gallery-col col\" >\n          <div class=\"col-inner\">\n            <a class=\"image-lightbox lightbox-gallery\" href=\"https:\/\/szso.net\/wp-content\/uploads\/2024\/08\/5-533x400.jpg\" title=\"\">            <div class=\"box has-hover gallery-box box-default\">\n              <div class=\"box-image\" style=\"width:86%;\">\n                <img loading=\"lazy\" decoding=\"async\" width=\"533\" height=\"400\" src=\"https:\/\/szso.net\/wp-content\/uploads\/2024\/08\/5-533x400.jpg\" class=\"attachment-medium size-medium\" alt=\"\" ids=\"421,419,420,418,417,416,415,414,413,657\" style=\"default\" lightbox_image_size=\"medium\" type=\"slider-full\" slider_nav_style=\"simple\" slider_nav_position=\"outside\" slider_bullets=\"true\" auto_slide=\"5000\" image_width=\"86\" text_align=\"center\" srcset=\"https:\/\/szso.net\/wp-content\/uploads\/2024\/08\/5-533x400.jpg 533w, https:\/\/szso.net\/wp-content\/uploads\/2024\/08\/5-1067x800.jpg 1067w, https:\/\/szso.net\/wp-content\/uploads\/2024\/08\/5-768x576.jpg 768w, https:\/\/szso.net\/wp-content\/uploads\/2024\/08\/5-1536x1152.jpg 1536w, https:\/\/szso.net\/wp-content\/uploads\/2024\/08\/5-2048x1536.jpg 2048w\" sizes=\"auto, (max-width: 533px) 100vw, 533px\" \/>                                                              <\/div>\n              <div class=\"box-text text-center\" >\n                 <p><\/p>\n              <\/div>\n            <\/div>\n            <\/a>          <\/div>\n         <\/div><div class=\"gallery-col col\" >\n          <div class=\"col-inner\">\n            <a class=\"image-lightbox lightbox-gallery\" href=\"https:\/\/szso.net\/wp-content\/uploads\/2024\/08\/4-533x400.jpg\" title=\"\">            <div class=\"box has-hover gallery-box box-default\">\n              <div class=\"box-image\" style=\"width:86%;\">\n                <img loading=\"lazy\" decoding=\"async\" width=\"533\" height=\"400\" src=\"https:\/\/szso.net\/wp-content\/uploads\/2024\/08\/4-533x400.jpg\" class=\"attachment-medium size-medium\" alt=\"\" ids=\"421,419,420,418,417,416,415,414,413,657\" style=\"default\" lightbox_image_size=\"medium\" type=\"slider-full\" slider_nav_style=\"simple\" slider_nav_position=\"outside\" slider_bullets=\"true\" auto_slide=\"5000\" image_width=\"86\" text_align=\"center\" srcset=\"https:\/\/szso.net\/wp-content\/uploads\/2024\/08\/4-533x400.jpg 533w, https:\/\/szso.net\/wp-content\/uploads\/2024\/08\/4-1067x800.jpg 1067w, https:\/\/szso.net\/wp-content\/uploads\/2024\/08\/4-768x576.jpg 768w, https:\/\/szso.net\/wp-content\/uploads\/2024\/08\/4-1536x1152.jpg 1536w, https:\/\/szso.net\/wp-content\/uploads\/2024\/08\/4-2048x1536.jpg 2048w\" sizes=\"auto, (max-width: 533px) 100vw, 533px\" \/>                                                              <\/div>\n              <div class=\"box-text text-center\" >\n                 <p><\/p>\n              <\/div>\n            <\/div>\n            <\/a>          <\/div>\n         <\/div><div class=\"gallery-col col\" >\n          <div class=\"col-inner\">\n            <a class=\"image-lightbox lightbox-gallery\" href=\"https:\/\/szso.net\/wp-content\/uploads\/2024\/08\/3-533x400.jpg\" title=\"\">            <div class=\"box has-hover gallery-box box-default\">\n              <div class=\"box-image\" style=\"width:86%;\">\n                <img loading=\"lazy\" decoding=\"async\" width=\"533\" height=\"400\" src=\"https:\/\/szso.net\/wp-content\/uploads\/2024\/08\/3-533x400.jpg\" class=\"attachment-medium size-medium\" alt=\"\" ids=\"421,419,420,418,417,416,415,414,413,657\" style=\"default\" lightbox_image_size=\"medium\" type=\"slider-full\" slider_nav_style=\"simple\" slider_nav_position=\"outside\" slider_bullets=\"true\" auto_slide=\"5000\" image_width=\"86\" text_align=\"center\" srcset=\"https:\/\/szso.net\/wp-content\/uploads\/2024\/08\/3-533x400.jpg 533w, https:\/\/szso.net\/wp-content\/uploads\/2024\/08\/3-1067x800.jpg 1067w, https:\/\/szso.net\/wp-content\/uploads\/2024\/08\/3-768x576.jpg 768w, https:\/\/szso.net\/wp-content\/uploads\/2024\/08\/3-1536x1152.jpg 1536w, https:\/\/szso.net\/wp-content\/uploads\/2024\/08\/3-2048x1536.jpg 2048w\" sizes=\"auto, (max-width: 533px) 100vw, 533px\" \/>                                                              <\/div>\n              <div class=\"box-text text-center\" >\n                 <p><\/p>\n              <\/div>\n            <\/div>\n            <\/a>          <\/div>\n         <\/div><div class=\"gallery-col col\" >\n          <div class=\"col-inner\">\n            <a class=\"image-lightbox lightbox-gallery\" href=\"https:\/\/szso.net\/wp-content\/uploads\/2024\/11\/Postani-skavt-VV-kvadratna-534x400.jpg\" title=\"\">            <div class=\"box has-hover gallery-box box-default\">\n              <div class=\"box-image\" style=\"width:86%;\">\n                <img loading=\"lazy\" decoding=\"async\" width=\"534\" height=\"400\" src=\"https:\/\/szso.net\/wp-content\/uploads\/2024\/11\/Postani-skavt-VV-kvadratna-534x400.jpg\" class=\"attachment-medium size-medium\" alt=\"\" ids=\"421,419,420,418,417,416,415,414,413,657\" style=\"default\" lightbox_image_size=\"medium\" type=\"slider-full\" slider_nav_style=\"simple\" slider_nav_position=\"outside\" slider_bullets=\"true\" auto_slide=\"5000\" image_width=\"86\" text_align=\"center\" srcset=\"https:\/\/szso.net\/wp-content\/uploads\/2024\/11\/Postani-skavt-VV-kvadratna-534x400.jpg 534w, https:\/\/szso.net\/wp-content\/uploads\/2024\/11\/Postani-skavt-VV-kvadratna-768x576.jpg 768w, https:\/\/szso.net\/wp-content\/uploads\/2024\/11\/Postani-skavt-VV-kvadratna-16x12.jpg 16w, https:\/\/szso.net\/wp-content\/uploads\/2024\/11\/Postani-skavt-VV-kvadratna.jpg 1067w\" sizes=\"auto, (max-width: 534px) 100vw, 534px\" \/>                                                              <\/div>\n              <div class=\"box-text text-center\" >\n                 <p><\/p>\n              <\/div>\n            <\/div>\n            <\/a>          <\/div>\n         <\/div><\/div>\n\n\n\t\t<\/div>\n\t\t\t\t\t<\/div>\n\n\t\n\n<\/div>\n\n\t\t<\/div>\n\n\t\t\n<style>\n#section_76885726 {\n  padding-top: 60px;\n  padding-bottom: 60px;\n  background-color: rgb(255, 255, 255);\n}\n#section_76885726 .section-bg-overlay {\n  background-color: rgba(255, 255, 255, 0.85);\n}\n<\/style>\n\t<\/section>\n\t\n\n\t<section class=\"section\" id=\"section_1372940563\">\n\t\t<div class=\"section-bg fill\" >\n\t\t\t\t\t\t\t\t\t<div class=\"section-bg-overlay absolute fill\"><\/div>\n\t\t\t\n\n\t\t<\/div>\n\n\t\t\n\n\t\t<div class=\"section-content relative\">\n\t\t\t\n\n<div class=\"row row-large align-middle\"  id=\"row-2139964421\">\n\n\n\t<div id=\"col-229738768\" class=\"col medium-7 small-12 large-7\"  >\n\t\t\t\t<div class=\"col-inner text-left\"  >\n\t\t\t\n\t\t\t\n\n<h2>Dalj\u0161a razli\u010dica zgodovine<\/h2>\n<p>\u010ce \u017eeli\u0161 izvedeti kaj ve\u010d, klikni na spodnji gumb.<\/p>\n<a href=\"https:\/\/szso.net\/wp-content\/uploads\/2024\/09\/ZgodovinaSZSO.pdf\" target=\"_blank\" class=\"button secondary\" rel=\"noopener\" style=\"border-radius:99px;\">\n\t\t<span>Scarica<\/span>\n\t<i class=\"icon-angle-down\" aria-hidden=\"true\"><\/i><\/a>\n\n\n\n\t\t<\/div>\n\t\t\t\t\t<\/div>\n\n\t\n\n\t<div id=\"col-1504169654\" class=\"col medium-5 small-12 large-5\"  >\n\t\t\t\t<div class=\"col-inner\"  >\n\t\t\t\n\t\t\t\n\n\t<div class=\"img has-hover x md-x lg-x y md-y lg-y\" id=\"image_1712375817\">\n\t\t\t\t\t\t\t\t<div class=\"img-inner box-shadow-2 dark\" >\n\t\t\t\t\t\t\t\t\t\n\t\t\t\t\t<\/div>\n\t\t\t\t\t\t\t\t\n<style>\n#image_1712375817 {\n  width: 100%;\n}\n<\/style>\n\t<\/div>\n\t\n\n\n\t\t<\/div>\n\t\t\t\t\t<\/div>\n\n\t\n\n<\/div>\n<div class=\"row\"  id=\"row-87232481\">\n\n\n<\/div>\n\n\t\t<\/div>\n\n\t\t\n<style>\n#section_1372940563 {\n  padding-top: 60px;\n  padding-bottom: 60px;\n  background-color: rgb(255, 255, 255);\n}\n#section_1372940563 .section-bg-overlay {\n  background-color: rgba(255, 255, 255, 0.85);\n}\n<\/style>\n\t<\/section>","protected":false},"excerpt":{"rendered":"","protected":false},"author":1,"featured_media":0,"parent":0,"menu_order":0,"comment_status":"closed","ping_status":"closed","template":"page-blank.php","meta":{"footnotes":""},"class_list":["post-355","page","type-page","status-publish","hentry"],"_links":{"self":[{"href":"https:\/\/szso.net\/it\/wp-json\/wp\/v2\/pages\/355","targetHints":{"allow":["GET"]}}],"collection":[{"href":"https:\/\/szso.net\/it\/wp-json\/wp\/v2\/pages"}],"about":[{"href":"https:\/\/szso.net\/it\/wp-json\/wp\/v2\/types\/page"}],"author":[{"embeddable":true,"href":"https:\/\/szso.net\/it\/wp-json\/wp\/v2\/users\/1"}],"replies":[{"embeddable":true,"href":"https:\/\/szso.net\/it\/wp-json\/wp\/v2\/comments?post=355"}],"version-history":[{"count":8,"href":"https:\/\/szso.net\/it\/wp-json\/wp\/v2\/pages\/355\/revisions"}],"predecessor-version":[{"id":683,"href":"https:\/\/szso.net\/it\/wp-json\/wp\/v2\/pages\/355\/revisions\/683"}],"wp:attachment":[{"href":"https:\/\/szso.net\/it\/wp-json\/wp\/v2\/media?parent=355"}],"curies":[{"name":"wp","href":"https:\/\/api.w.org\/{rel}","templated":true}]}}