{"id":325,"date":"2024-08-09T13:43:37","date_gmt":"2024-08-09T13:43:37","guid":{"rendered":"https:\/\/szso.net\/?page_id=325"},"modified":"2024-11-27T21:38:58","modified_gmt":"2024-11-27T19:38:58","slug":"skavtska-misija","status":"publish","type":"page","link":"https:\/\/szso.net\/it\/skavtska-misija\/","title":{"rendered":"Skavtska misija"},"content":{"rendered":"<section class=\"section\" id=\"section_422720236\">\n\t\t<div class=\"section-bg fill\" >\n\t\t\t<img loading=\"lazy\" decoding=\"async\" width=\"2560\" height=\"1920\" src=\"https:\/\/szso.net\/wp-content\/uploads\/2024\/08\/1.jpg\" class=\"bg attachment- size-\" alt=\"\" \/>\t\t\t\t\t\t<div class=\"section-bg-overlay absolute fill\"><\/div>\n\t\t\t\n\n\t\t<\/div>\n\n\t\t\n\n\t\t<div class=\"section-content relative\">\n\t\t\t\n\n<div class=\"row row-large align-middle\"  id=\"row-1849545402\">\n\n\n\t<div id=\"col-1686512716\" class=\"col medium-6 small-12 large-6\"  >\n\t\t\t\t<div class=\"col-inner text-left\"  >\n\t\t\t\n\t\t\t\n\n<div class=\"is-divider divider clearfix\" ><\/div>\n\n\t<div id=\"text-3687641231\" class=\"text\">\n\t\t\n\n<h1>Skavtska misija<\/h1>\n\t\t\n<style>\n#text-3687641231 {\n  font-size: 1.6rem;\n  color: rgb(255, 255, 255);\n}\n#text-3687641231 > * {\n  color: rgb(255, 255, 255);\n}\n<\/style>\n\t<\/div>\n\t\n\n\t\t<\/div>\n\t\t\t\t\t<\/div>\n\n\t\n\n\t<div id=\"col-1766624953\" class=\"col medium-6 small-12 large-6\"  >\n\t\t\t\t<div class=\"col-inner\"  >\n\t\t\t\n\t\t\t\n\n\t<div class=\"img has-hover x md-x lg-x y md-y lg-y\" id=\"image_1319441545\">\n\t\t\t\t\t\t\t\t<div class=\"img-inner box-shadow-2 dark\" >\n\t\t\t\t\t\t\t\t\t\n\t\t\t\t\t<\/div>\n\t\t\t\t\t\t\t\t\n<style>\n#image_1319441545 {\n  width: 100%;\n}\n<\/style>\n\t<\/div>\n\t\n\n\n\t\t<\/div>\n\t\t\t\t\t<\/div>\n\n\t\n\n<\/div>\n\n\t\t<\/div>\n\n\t\t\n<style>\n#section_422720236 {\n  padding-top: 60px;\n  padding-bottom: 60px;\n  background-color: rgb(255, 255, 255);\n}\n#section_422720236 .section-bg-overlay {\n  background-color: rgba(0,0,0,.5);\n}\n<\/style>\n\t<\/section>\n\t\n\n\t<section class=\"section\" id=\"section_274934433\">\n\t\t<div class=\"section-bg fill\" >\n\t\t\t\t\t\t\t\t\t<div class=\"section-bg-overlay absolute fill\"><\/div>\n\t\t\t\n\n\t\t<\/div>\n\n\t\t\n\n\t\t<div class=\"section-content relative\">\n\t\t\t\n\n<div class=\"row\"  id=\"row-1326284134\">\n\n\n\t<div id=\"col-1822735398\" class=\"col small-12 large-12\"  >\n\t\t\t\t<div class=\"col-inner\"  >\n\t\t\t\n\t\t\t\n\n<p>Slovenska zamejska skavtska organizacija (SZSO) vzgaja mlade v odgovorne, solidarne in samostojne posameznike. S skavtskimi dejavnostmi spodbuja ljubezen do slovenske kulture in jezika, krepi vero in \u017eivljenje po evangeljskih vrednotah ter omogo\u010da mladim rast v duhu slu\u017eenja in medsebojne pomo\u010di. Vzgaja mlade \u010dlane v aktivne dr\u017eavljane, bodo\u010de gradnike na\u0161e dru\u017ebe.<\/p>\n<p>\u00a0<\/p>\n\n\t\t<\/div>\n\t\t\t\t\t<\/div>\n\n\t\n\n<\/div>\n<div class=\"row row-large align-middle\"  id=\"row-441318324\">\n\n\n\t<div id=\"col-959868111\" class=\"col medium-6 small-12 large-6\"  >\n\t\t\t\t<div class=\"col-inner text-center\"  >\n\t\t\t\n\t\t\t\n\n\t<div class=\"img has-hover x md-x lg-x y md-y lg-y\" id=\"image_1651442373\">\n\t\t\t\t\t\t\t\t<div class=\"img-inner dark\" >\n\t\t\t<img loading=\"lazy\" decoding=\"async\" width=\"414\" height=\"551\" src=\"https:\/\/szso.net\/wp-content\/uploads\/2024\/11\/BP_1.jpg\" class=\"attachment-medium_large size-medium_large\" alt=\"\" srcset=\"https:\/\/szso.net\/wp-content\/uploads\/2024\/11\/BP_1.jpg 414w, https:\/\/szso.net\/wp-content\/uploads\/2024\/11\/BP_1-301x400.jpg 301w, https:\/\/szso.net\/wp-content\/uploads\/2024\/11\/BP_1-9x12.jpg 9w\" sizes=\"auto, (max-width: 414px) 100vw, 414px\" \/>\t\t\t\t\t\t\n\t\t\t\t\t<\/div>\n\t\t\t\t\t\t\t\t\n<style>\n#image_1651442373 {\n  width: 53%;\n}\n<\/style>\n\t<\/div>\n\t\n\n\t<div class=\"img has-hover x md-x lg-x y md-y lg-y\" id=\"image_683457707\">\n\t\t\t\t\t\t\t\t<div class=\"img-inner box-shadow-2 dark\" >\n\t\t\t\t\t\t\t\t\t\n\t\t\t\t\t<\/div>\n\t\t\t\t\t\t\t\t\n<style>\n#image_683457707 {\n  width: 100%;\n}\n<\/style>\n\t<\/div>\n\t\n\n\n\t\t<\/div>\n\t\t\t\t\t<\/div>\n\n\t\n\n\t<div id=\"col-292389094\" class=\"col medium-5 small-12 large-5\"  >\n\t\t\t\t<div class=\"col-inner text-left\"  >\n\t\t\t\n\t\t\t\n\n<h3 class=\"uppercase\">Baden powell (1857\u20131941)<\/h3>\n<p>je ustanovitelj skavtskega gibanja. S svojo vizijo osebne rasti, odgovornosti in povezovanja z naravo je navdihnil milijone mladih po vsem svetu.\u00a0<\/p>\n\n\t\t<\/div>\n\t\t\t\t\t<\/div>\n\n\t\n\n<\/div>\n\n\t\t<\/div>\n\n\t\t\n<style>\n#section_274934433 {\n  padding-top: 60px;\n  padding-bottom: 60px;\n  background-color: rgb(255, 255, 255);\n}\n#section_274934433 .section-bg-overlay {\n  background-color: rgba(255, 255, 255, 0.85);\n}\n<\/style>\n\t<\/section>\n\t\n\n\t<section class=\"section\" id=\"section_1548678336\">\n\t\t<div class=\"section-bg fill\" >\n\t\t\t\t\t\t\t\t\t<div class=\"section-bg-overlay absolute fill\"><\/div>\n\t\t\t\n\n\t\t<\/div>\n\n\t\t\n\n\t\t<div class=\"section-content relative\">\n\t\t\t\n\n<div class=\"row row-large align-middle\"  id=\"row-1296305949\">\n\n\n\t<div id=\"col-313362054\" class=\"col medium-3 small-12 large-3\"  >\n\t\t\t\t<div class=\"col-inner text-left\"  >\n\t\t\t\n\t\t\t\n\n<h3>Vzgoja zna\u010daja<\/h3>\n<p>pomeni vzgojo posameznika do pozitivnega odnosa do samega sebe, drugih, Boga, narave in naroda.\u00a0<\/p>\n\n\t\t<\/div>\n\t\t\t\t\t<\/div>\n\n\t\n\n\t<div id=\"col-754591320\" class=\"col medium-3 small-12 large-3\"  >\n\t\t\t\t<div class=\"col-inner text-left\"  >\n\t\t\t\n\t\t\t\n\n<h3>Zdravje in telesna mo\u010d<\/h3>\n<p>vzgaja k pozitivnemu odnosu do sebe. Skavt do\u017eivlja telo kot bo\u017eji dar in sredstvo, preko katerega se izra\u017ea.<\/p>\n\n\t\t<\/div>\n\t\t\t\t\t<\/div>\n\n\t\n\n\t<div id=\"col-1969487773\" class=\"col medium-3 small-12 large-3\"  >\n\t\t\t\t<div class=\"col-inner text-left\"  >\n\t\t\t\n\t\t\t\n\n<h3>Ro\u010dne spretnosti<\/h3>\n<p>usposabljajo skavta za prakti\u010dno delo, obenem pa ga u\u010dijo prena\u0161ati trud in neuspehe.\u00a0<\/p>\n\n\t\t<\/div>\n\t\t\t\t\t<\/div>\n\n\t\n\n\t<div id=\"col-1647752649\" class=\"col medium-3 small-12 large-3\"  >\n\t\t\t\t<div class=\"col-inner text-left\"  >\n\t\t\t\n\t\t\t\n\n<h3>Duhovnost in pomo\u010d bli\u017enjemu<\/h3>\n<p>pomeni vzgojo k ljubezni do drugega, solidarnosti in sprejemanja razli\u010dnosti.\u00a0<\/p>\n\n\t\t<\/div>\n\t\t\t\t\t<\/div>\n\n\t\n\n\t<div id=\"col-468444621\" class=\"col medium-4 small-12 large-4\"  >\n\t\t\t\t<div class=\"col-inner\"  >\n\t\t\t\n\t\t\t\n\n\t<div class=\"img has-hover x md-x lg-x y md-y lg-y\" id=\"image_743173294\">\n\t\t\t\t\t\t\t\t<div class=\"img-inner box-shadow-2 dark\" >\n\t\t\t\t\t\t\t\t\t\n\t\t\t\t\t<\/div>\n\t\t\t\t\t\t\t\t\n<style>\n#image_743173294 {\n  width: 100%;\n}\n<\/style>\n\t<\/div>\n\t\n\n\n\t\t<\/div>\n\t\t\t\t\t<\/div>\n\n\t\n\n<\/div>\n\n\t\t<\/div>\n\n\t\t\n<style>\n#section_1548678336 {\n  padding-top: 60px;\n  padding-bottom: 60px;\n  background-color: rgb(255, 255, 255);\n}\n#section_1548678336 .section-bg-overlay {\n  background-color: rgba(255, 255, 255, 0.85);\n}\n<\/style>\n\t<\/section>\n\t\n  <div class=\"banner-grid-wrapper\">\n  <div id=\"banner-grid-1269429855\" class=\"banner-grid row row-grid row-small\" data-packery-options=\"\">\n                      \n\n<div class=\"col grid-col large-6 grid-col-1\" ><div class=\"col-inner\">\n\n\t<div class=\"img has-hover x md-x lg-x y md-y lg-y\" id=\"image_1998514596\">\n\t\t\t\t\t\t\t\t<div class=\"img-inner dark\" >\n\t\t\t<img loading=\"lazy\" decoding=\"async\" width=\"992\" height=\"744\" src=\"https:\/\/szso.net\/wp-content\/uploads\/2024\/11\/IV-bp.jpg\" class=\"attachment-large size-large\" alt=\"\" srcset=\"https:\/\/szso.net\/wp-content\/uploads\/2024\/11\/IV-bp.jpg 992w, https:\/\/szso.net\/wp-content\/uploads\/2024\/11\/IV-bp-533x400.jpg 533w, https:\/\/szso.net\/wp-content\/uploads\/2024\/11\/IV-bp-768x576.jpg 768w, https:\/\/szso.net\/wp-content\/uploads\/2024\/11\/IV-bp-16x12.jpg 16w\" sizes=\"auto, (max-width: 992px) 100vw, 992px\" \/>\t\t\t\t\t\t\n\t\t\t\t\t<\/div>\n\t\t\t\t\t\t\t\t\n<style>\n#image_1998514596 {\n  width: 100%;\n}\n<\/style>\n\t<\/div>\n\t\n\n\n<\/div><\/div>\n<div class=\"col grid-col large-6 grid-col-1\" ><div class=\"col-inner\">\n\n\t<div class=\"img has-hover x md-x lg-x y md-y lg-y\" id=\"image_16917593\">\n\t\t\t\t\t\t\t\t<div class=\"img-inner dark\" >\n\t\t\t<img loading=\"lazy\" decoding=\"async\" width=\"838\" height=\"628\" src=\"https:\/\/szso.net\/wp-content\/uploads\/2024\/11\/IV-bp2.jpg\" class=\"attachment-large size-large\" alt=\"\" srcset=\"https:\/\/szso.net\/wp-content\/uploads\/2024\/11\/IV-bp2.jpg 838w, https:\/\/szso.net\/wp-content\/uploads\/2024\/11\/IV-bp2-534x400.jpg 534w, https:\/\/szso.net\/wp-content\/uploads\/2024\/11\/IV-bp2-768x576.jpg 768w, https:\/\/szso.net\/wp-content\/uploads\/2024\/11\/IV-bp2-16x12.jpg 16w\" sizes=\"auto, (max-width: 838px) 100vw, 838px\" \/>\t\t\t\t\t\t\n\t\t\t\t\t<\/div>\n\t\t\t\t\t\t\t\t\n<style>\n#image_16917593 {\n  width: 100%;\n}\n<\/style>\n\t<\/div>\n\t\n\n\n<\/div><\/div>\n<div class=\"col grid-col large-3 grid-col-1-2\" ><div class=\"col-inner\">\n\n\t<div class=\"img has-hover x md-x lg-x y md-y lg-y\" id=\"image_255179379\">\n\t\t\t\t\t\t\t\t<div class=\"img-inner dark\" >\n\t\t\t<img loading=\"lazy\" decoding=\"async\" width=\"961\" height=\"720\" src=\"https:\/\/szso.net\/wp-content\/uploads\/2024\/11\/IV-masa.jpg\" class=\"attachment-large size-large\" alt=\"\" srcset=\"https:\/\/szso.net\/wp-content\/uploads\/2024\/11\/IV-masa.jpg 961w, https:\/\/szso.net\/wp-content\/uploads\/2024\/11\/IV-masa-534x400.jpg 534w, https:\/\/szso.net\/wp-content\/uploads\/2024\/11\/IV-masa-768x575.jpg 768w, https:\/\/szso.net\/wp-content\/uploads\/2024\/11\/IV-masa-16x12.jpg 16w\" sizes=\"auto, (max-width: 961px) 100vw, 961px\" \/>\t\t\t\t\t\t\n\t\t\t\t\t<\/div>\n\t\t\t\t\t\t\t\t\n<style>\n#image_255179379 {\n  width: 100%;\n}\n<\/style>\n\t<\/div>\n\t\n\n\n<\/div><\/div>\n<div class=\"col grid-col large-3 grid-col-1-2\" ><div class=\"col-inner\">\n\n\t<div class=\"img has-hover x md-x lg-x y md-y lg-y\" id=\"image_1792100740\">\n\t\t\t\t\t\t\t\t<div class=\"img-inner dark\" >\n\t\t\t<img loading=\"lazy\" decoding=\"async\" width=\"873\" height=\"655\" src=\"https:\/\/szso.net\/wp-content\/uploads\/2024\/11\/RP-pot-2.jpg\" class=\"attachment-large size-large\" alt=\"\" srcset=\"https:\/\/szso.net\/wp-content\/uploads\/2024\/11\/RP-pot-2.jpg 873w, https:\/\/szso.net\/wp-content\/uploads\/2024\/11\/RP-pot-2-533x400.jpg 533w, https:\/\/szso.net\/wp-content\/uploads\/2024\/11\/RP-pot-2-768x576.jpg 768w, https:\/\/szso.net\/wp-content\/uploads\/2024\/11\/RP-pot-2-16x12.jpg 16w\" sizes=\"auto, (max-width: 873px) 100vw, 873px\" \/>\t\t\t\t\t\t\n\t\t\t\t\t<\/div>\n\t\t\t\t\t\t\t\t\n<style>\n#image_1792100740 {\n  width: 100%;\n}\n<\/style>\n\t<\/div>\n\t\n\n\n<\/div><\/div>\n<div class=\"col grid-col large-3 grid-col-1-2\" ><div class=\"col-inner\">\n\n\t<div class=\"img has-hover x md-x lg-x y md-y lg-y\" id=\"image_150413021\">\n\t\t\t\t\t\t\t\t<div class=\"img-inner dark\" >\n\t\t\t<img loading=\"lazy\" decoding=\"async\" width=\"1020\" height=\"765\" src=\"https:\/\/szso.net\/wp-content\/uploads\/2024\/11\/RP-pogovor.jpg\" class=\"attachment-large size-large\" alt=\"\" srcset=\"https:\/\/szso.net\/wp-content\/uploads\/2024\/11\/RP-pogovor.jpg 1067w, https:\/\/szso.net\/wp-content\/uploads\/2024\/11\/RP-pogovor-534x400.jpg 534w, https:\/\/szso.net\/wp-content\/uploads\/2024\/11\/RP-pogovor-768x576.jpg 768w, https:\/\/szso.net\/wp-content\/uploads\/2024\/11\/RP-pogovor-16x12.jpg 16w\" sizes=\"auto, (max-width: 1020px) 100vw, 1020px\" \/>\t\t\t\t\t\t\n\t\t\t\t\t<\/div>\n\t\t\t\t\t\t\t\t\n<style>\n#image_150413021 {\n  width: 100%;\n}\n<\/style>\n\t<\/div>\n\t\n\n\n<\/div><\/div>\n<div class=\"col grid-col large-3 grid-col-1-2\" ><div class=\"col-inner\">\n\n\t<div class=\"img has-hover x md-x lg-x y md-y lg-y\" id=\"image_1195026930\">\n\t\t\t\t\t\t\t\t<div class=\"img-inner dark\" >\n\t\t\t<img loading=\"lazy\" decoding=\"async\" width=\"1020\" height=\"681\" src=\"https:\/\/szso.net\/wp-content\/uploads\/2024\/11\/IV-TO.jpg\" class=\"attachment-large size-large\" alt=\"\" srcset=\"https:\/\/szso.net\/wp-content\/uploads\/2024\/11\/IV-TO.jpg 1067w, https:\/\/szso.net\/wp-content\/uploads\/2024\/11\/IV-TO-599x400.jpg 599w, https:\/\/szso.net\/wp-content\/uploads\/2024\/11\/IV-TO-768x512.jpg 768w, https:\/\/szso.net\/wp-content\/uploads\/2024\/11\/IV-TO-18x12.jpg 18w\" sizes=\"auto, (max-width: 1020px) 100vw, 1020px\" \/>\t\t\t\t\t\t\n\t\t\t\t\t<\/div>\n\t\t\t\t\t\t\t\t\n<style>\n#image_1195026930 {\n  width: 100%;\n}\n<\/style>\n\t<\/div>\n\t\n\n\n<\/div><\/div>\n\n            <\/div>\n    <style>\n    #banner-grid-1269429855 .grid-col-1{height: 600px}\n    #banner-grid-1269429855 .grid-col-1-2{height: 300px}\n    #banner-grid-1269429855 .grid-col-1-3{height:200px}\n    #banner-grid-1269429855 .grid-col-2-3{height: 400px}\n    #banner-grid-1269429855 .grid-col-1-4{height: 150px}\n    #banner-grid-1269429855 .grid-col-3-4{height: 450px}\n\n\n    \n    \n\n  <\/style>\n    <\/div>\n  \n<div class=\"row\"  id=\"row-1765302447\">\n\n\n\t<div id=\"col-599294656\" class=\"col medium-4 small-12 large-4\"  >\n\t\t\t\t<div class=\"col-inner\"  >\n\t\t\t\n\t\t\t\n\n\n\t\t<\/div>\n\t\t\t\t\t<\/div>\n\n\t\n\n\t<div id=\"col-164061521\" class=\"col medium-4 small-12 large-4\"  >\n\t\t\t\t<div class=\"col-inner\"  >\n\t\t\t\n\t\t\t\n\n\n\t\t<\/div>\n\t\t\t\t\t<\/div>\n\n\t\n\n\t<div id=\"col-2072470937\" class=\"col medium-4 small-12 large-4\"  >\n\t\t\t\t<div class=\"col-inner\"  >\n\t\t\t\n\t\t\t\n\n\n\t\t<\/div>\n\t\t\t\t\t<\/div>\n\n\t\n\n<\/div>\n\n\t<section class=\"section\" id=\"section_812401529\">\n\t\t<div class=\"section-bg fill\" >\n\t\t\t<img loading=\"lazy\" decoding=\"async\" width=\"2560\" height=\"1920\" src=\"https:\/\/szso.net\/wp-content\/uploads\/2024\/08\/7.jpg\" class=\"bg attachment- size-\" alt=\"\" \/>\t\t\t\t\t\t<div class=\"section-bg-overlay absolute fill\"><\/div>\n\t\t\t\n\n\t\t<\/div>\n\n\t\t\n\n\t\t<div class=\"section-content relative\">\n\t\t\t\n\n<div class=\"row align-center\"  id=\"row-757670514\">\n\n\n\t<div id=\"col-285898162\" class=\"col small-12 large-12\"  >\n\t\t\t\t<div class=\"col-inner text-center\"  >\n\t\t\t\n\t\t\t\n\n\t<div id=\"text-455577926\" class=\"text\">\n\t\t\n\n<h3 class=\"uppercase\">Preberi si, katere starostne<br \/>veje so v na\u0161i organizaciji<\/h3>\n\t\t\n<style>\n#text-455577926 {\n  font-size: 2.15rem;\n  text-align: center;\n  color: rgb(255, 255, 255);\n}\n#text-455577926 > * {\n  color: rgb(255, 255, 255);\n}\n<\/style>\n\t<\/div>\n\t\n<a href=\"https:\/\/szso.net\/it\/skavtska-pot\/\" class=\"button secondary is-large\" style=\"border-radius:99px;\">\n\t\t<span>Skavtska pot<\/span>\n\t<i class=\"icon-angle-right\" aria-hidden=\"true\"><\/i><\/a>\n\n\n\n\t\t<\/div>\n\t\t\t\t\t<\/div>\n\n\t\n\n<\/div>\n\n\t\t<\/div>\n\n\t\t\n<style>\n#section_812401529 {\n  padding-top: 160px;\n  padding-bottom: 160px;\n}\n#section_812401529 .section-bg-overlay {\n  background-color: rgba(0,0,0,.5);\n}\n<\/style>\n\t<\/section>","protected":false},"excerpt":{"rendered":"","protected":false},"author":1,"featured_media":0,"parent":0,"menu_order":0,"comment_status":"closed","ping_status":"closed","template":"page-blank.php","meta":{"footnotes":""},"class_list":["post-325","page","type-page","status-publish","hentry"],"_links":{"self":[{"href":"https:\/\/szso.net\/it\/wp-json\/wp\/v2\/pages\/325","targetHints":{"allow":["GET"]}}],"collection":[{"href":"https:\/\/szso.net\/it\/wp-json\/wp\/v2\/pages"}],"about":[{"href":"https:\/\/szso.net\/it\/wp-json\/wp\/v2\/types\/page"}],"author":[{"embeddable":true,"href":"https:\/\/szso.net\/it\/wp-json\/wp\/v2\/users\/1"}],"replies":[{"embeddable":true,"href":"https:\/\/szso.net\/it\/wp-json\/wp\/v2\/comments?post=325"}],"version-history":[{"count":24,"href":"https:\/\/szso.net\/it\/wp-json\/wp\/v2\/pages\/325\/revisions"}],"predecessor-version":[{"id":679,"href":"https:\/\/szso.net\/it\/wp-json\/wp\/v2\/pages\/325\/revisions\/679"}],"wp:attachment":[{"href":"https:\/\/szso.net\/it\/wp-json\/wp\/v2\/media?parent=325"}],"curies":[{"name":"wp","href":"https:\/\/api.w.org\/{rel}","templated":true}]}}